{"id":623,"date":"2025-10-30T08:40:55","date_gmt":"2025-10-30T08:40:55","guid":{"rendered":"https:\/\/www.alexmultimedia.es\/?page_id=623"},"modified":"2025-11-21T12:08:52","modified_gmt":"2025-11-21T12:08:52","slug":"diseno-web-drupal-profesional","status":"publish","type":"page","link":"https:\/\/www.alexmultimedia.es\/ca\/diseno-web-drupal-profesional\/","title":{"rendered":"Disseny Web Drupal"},"content":{"rendered":"<div class=\"wp-block-uagb-container uagb-block-dde5c922 alignfull uagb-is-root-container\">\n<div class=\"wp-block-uagb-container uagb-block-b618de5d\">\n<div class=\"wp-block-uagb-advanced-heading uagb-block-1d772575\"><h1 class=\"uagb-heading-text\">Disseny Web Drupal a mesura<br><\/h1><\/div>\n<\/div>\n<\/div>\n\n\n\n<div class=\"wp-block-uagb-container uagb-block-4b0b8f05 alignfull uagb-is-root-container\"><div class=\"uagb-container-inner-blocks-wrap\">\n<div class=\"wp-block-uagb-advanced-heading uagb-block-ab53c455\"><h2 class=\"uagb-heading-text\">Est\u00e0s buscant que la teva p\u00e0gina web posicioni b\u00e9, estigui feta a la teva mesura i sigui segura i escalable?<\/h2><p class=\"uagb-desc-text\">Com a experts en desenvolupament web Drupal\u00a0et proposem fer una web a mesura amb aquest CMS tan professional.<\/p><\/div>\n\n\n\n<div class=\"wp-block-uagb-container uagb-layout-flex uagb-block-9286c5ad\">\n<div class=\"wp-block-uagb-container uagb-block-b6ad80b7\">\n<div class=\"wp-block-uagb-info-box uagb-block-db3dcad8 uagb-infobox__content-wrap  uagb-infobox-icon-above-title uagb-infobox-image-valign-top\"><div class=\"uagb-ifb-content\"><div class=\"uagb-ifb-title-wrap\"><h3 class=\"uagb-ifb-title-prefix\">Disseny Web Drupal personalitzat a mesura<\/h3><p class=\"uagb-ifb-title translation-block\"><strong>Com a experts en desenvolupament web Drupal<\/strong>\u00a0et proposem fer una web a mesura amb aquest CMS tan professional. Utilitzem el CMS\u00a0<strong>Drupal<\/strong>\u00a0perqu\u00e8 ens permet controlar tots els aspectes importants d'una p\u00e0gina web, aix\u00ed com la presentaci\u00f3 gr\u00e1ficay el panell de gesti\u00f3 per al client. Com ja sabeu la nostra filosofia de\u00a0<strong>desenvolupament web<\/strong>\u00a0est\u00e0 molt encaminada al posicionament\u00a0<strong> SEU<\/strong>\u00a0des del principi i tamb\u00e9 a fer treballs personalitzats a mesura. \u00c9s per aix\u00f2 que utilitzem\u00a0<strong>Drupal<\/strong>, ni som ferris enemics de\u00a0<strong>Wordpress<\/strong>\u00a0ni entrem ara en discussions inacabables sobre quin \u00e9s el millor\u00a0<strong>CMS<\/strong>.<\/p><\/div><\/div><\/div>\n<\/div>\n\n\n\n<figure class=\"wp-block-image alignwide size-full has-custom-border\" style=\"margin-top:90px;margin-bottom:90px\"><img loading=\"lazy\" decoding=\"async\" width=\"400\" height=\"267\" src=\"https:\/\/www.alexmultimedia.es\/wp-content\/uploads\/2025\/10\/drupal-girona.jpg\" alt=\"drupal girona\" class=\"has-border-color has-ast-global-color-1-border-color wp-image-633\" style=\"border-width:1px;border-radius:20px;box-shadow:var(--wp--preset--shadow--sharp)\" srcset=\"https:\/\/www.alexmultimedia.es\/wp-content\/uploads\/2025\/10\/drupal-girona.jpg 400w, https:\/\/www.alexmultimedia.es\/wp-content\/uploads\/2025\/10\/drupal-girona-300x200.jpg 300w\" sizes=\"auto, (max-width: 400px) 100vw, 400px\" \/><\/figure>\n<\/div>\n\n\n\n<div class=\"wp-block-uagb-container uagb-layout-flex uagb-block-cebb2fc1\">\n<div class=\"wp-block-group is-nowrap is-layout-flex wp-container-core-group-is-layout-6c531013 wp-block-group-is-layout-flex\">\n<figure class=\"wp-block-image size-full has-custom-border uag-hide-tab uag-hide-mob\" style=\"margin-top:90px;margin-bottom:90px\"><img loading=\"lazy\" decoding=\"async\" width=\"1536\" height=\"1024\" src=\"https:\/\/www.alexmultimedia.es\/wp-content\/uploads\/2025\/09\/campanas_seo-1.webp\" alt=\"campa\u00f1as seo\" class=\"has-border-color has-ast-global-color-1-border-color wp-image-426\" style=\"border-width:1px;border-radius:20px;box-shadow:var(--wp--preset--shadow--sharp)\" srcset=\"https:\/\/www.alexmultimedia.es\/wp-content\/uploads\/2025\/09\/campanas_seo-1.webp 1536w, https:\/\/www.alexmultimedia.es\/wp-content\/uploads\/2025\/09\/campanas_seo-1-300x200.webp 300w, https:\/\/www.alexmultimedia.es\/wp-content\/uploads\/2025\/09\/campanas_seo-1-1024x683.webp 1024w, https:\/\/www.alexmultimedia.es\/wp-content\/uploads\/2025\/09\/campanas_seo-1-768x512.webp 768w\" sizes=\"auto, (max-width: 1536px) 100vw, 1536px\" \/><\/figure>\n\n\n\n<div class=\"wp-block-uagb-container uagb-block-fcfeb657\">\n<div class=\"wp-block-uagb-info-box uagb-block-62e38cdd uagb-infobox__content-wrap  uagb-infobox-icon-above-title uagb-infobox-image-valign-top\"><div class=\"uagb-ifb-content\"><div class=\"uagb-ifb-title-wrap\"><h3 class=\"uagb-ifb-title-prefix\">Vols augmentar les vendes del teu negoci ?<\/h3><p class=\"uagb-ifb-title\"><br>Som aqu\u00ed per a aconseguir que la teva pres\u00e8ncia en l\u00ednia sigui un \u00e8xit. Volem transformar la teva pres\u00e8ncia digital en una gran oportunitat de negoci, escalar el que tens i rendibilitzar al m\u00e0xim optimitzant les teves oportunitats En l\u00ednia.<\/p><\/div><\/div><\/div>\n<\/div>\n<\/div>\n<\/div>\n<\/div><\/div>\n\n\n\n<div class=\"wp-block-uagb-container uagb-layout-flex uagb-block-2e123afa alignfull uagb-is-root-container\"><div class=\"uagb-container-inner-blocks-wrap\">\n<div class=\"wp-block-uagb-container uagb-block-ce021846\"><\/div>\n\n\n\n<div class=\"wp-block-uagb-container uagb-block-870835a5\"><\/div>\n<\/div><\/div>\n\n\n\n<div class=\"wp-block-uagb-container uagb-block-3cd8a716 alignfull uagb-is-root-container\"><div class=\"uagb-container-inner-blocks-wrap\">\n<div class=\"wp-block-uagb-advanced-heading uagb-block-56b33e2c\"><h2 class=\"uagb-heading-text\">Avantatges de Drupal<\/h2><\/div>\n\n\n\n<ul class=\"wp-block-list\">\n<li class=\"translation-block\"><strong>\u00c0rea d'administraci\u00f3 molt desenvolupada:<\/strong>\u00a0En aquest CMS podrem definir molt b\u00e9 els perfils i rols dels administradors del web. A m\u00e9s, compta amb un sistema WYSIWYG molt modern que facilita la gesti\u00f3 dels textos i les fotos, tan f\u00e0cil com Wordpress.<\/li>\n\n\n\n<li class=\"translation-block\"><strong>Multi-idioma:<\/strong>\u00a0Va ser concebut des dels seus inicis per a ser un CMS multi-idioma amb un sistema de concurr\u00e8ncia que es destaca sobre els altres CMS.<\/li>\n\n\n\n<li><strong>Multi-idioma:<\/strong>&nbsp;Fue concebido desde sus inicios para ser un CMS multi-idioma con un sistema de concurrencia que se destaca sobre los otros CMS.<\/li>\n\n\n\n<li class=\"translation-block\"><strong>Seguretat:<\/strong>\u00a0Drupal compta amb una capa d'abstracci\u00f3 \u00abTwig\u00bb que ho fa molt m\u00e9s segur que uns altres CMS. Aix\u00f2 \u00e9s de vital import\u00e0ncia, per exemple, per a una p\u00e0gina web de sistemes de seguretat. Una empresa de seguretat ha de mostrar les m\u00e0ximes precaucions, precisament en temes de seguretat.<\/li>\n\n\n\n<li class=\"translation-block\"><strong>Responsive:<\/strong>\u00a0Les plantilles i el sistema de Drupal tenen molt en compte el disseny \u00abresponsive\u00bb. Aix\u00f2 va de bracet de l'optimitzaci\u00f3 SEU des de l'inici, una altra ra\u00f3 per la qual usem Drupal per a assegurar una campanya de SEU estable.<\/li>\n\n\n\n<li class=\"translation-block\"><strong>Escalabilitat m\u00e0xima:<\/strong>\u00a0Amb aquest CMS podem aconseguir un creixement espectacular del nostre web sense perdre pot\u00e8ncia. La concurr\u00e8ncia, els m\u00f2duls i el seu sistema multi-idioma estan orientats a cr\u00e9ixer amb el teu negoci fins a l'infinit.<\/li>\n\n\n\n<li class=\"translation-block\"><strong>Amics i comunitat:<\/strong>\u00a0Existeix una comunitat magn\u00edfica de desenvolupadors, dissenyadors i usuaris de Drupal. Qualsevol problema que pugui sorgir en un moment donat pot ser consultat en una mar d'organitzacions, f\u00f2rums, esdeveniments i amics de Drupal; aix\u00f2 \u00e9s molt segur davant algun problema en sistemes grans.<\/li>\n<\/ul>\n<\/div><\/div>\n\n\n\n<div class=\"wp-block-uagb-container uagb-block-d7b60fd6 alignfull uagb-is-root-container\"><div class=\"uagb-container-inner-blocks-wrap\">\n<div class=\"wp-block-uagb-info-box uagb-block-6fdc34d4 uagb-infobox__content-wrap  uagb-infobox-icon-above-title uagb-infobox-image-valign-top\"><div class=\"uagb-ifb-content\"><div class=\"uagb-ifb-title-wrap\"><h2 class=\"uagb-ifb-title\">Transforma el teu negoci amb nosaltres avui!<\/h2><\/div><p class=\"uagb-ifb-desc\">En Alexmultimedia, estem dedicats a oferir disseny web de qualitat per a empreses a Barcelona, adaptant-nos a les teves necessitats espec\u00edfiques.<\/p><div class=\"uagb-ifb-button-wrapper wp-block-button\"><a href=\"\/ca\/contacto\/\" class=\"uagb-infobox-cta-link wp-block-button__link\" target=\"_self\" rel=\"noopener noreferrer\" onclick=\"return true;\"><span class=\"uagb-inline-editing\">Sol\u00b7licita pressupost<\/span><\/a><\/div><\/div><\/div>\n<\/div><\/div>\n\n\n\n<div class=\"wp-block-uagb-container uagb-block-c07745c5 alignfull uagb-is-root-container\"><div class=\"uagb-container-inner-blocks-wrap\">\n<div class=\"wp-block-uagb-container uagb-block-66fc2ef0\">\n<div class=\"wp-block-uagb-info-box uagb-block-beb6dd26 uagb-infobox__content-wrap  uagb-infobox-icon-above-title uagb-infobox-image-valign-top\"><div class=\"uagb-ifb-content\"><div class=\"uagb-ifb-title-wrap\"><h3 class=\"uagb-ifb-title\"><br>Contacta'ns<\/h3><\/div><p class=\"uagb-ifb-desc\"><strong>Carrer Concili de Trento 78<\/strong> 08018, <strong>BARCELONA<\/strong><br><strong>Carretera Sant Gregori 107<\/strong> 17007, <strong>GIRONA<\/strong><br><strong>+34 671 84 27 07<\/strong><br>info@alexmultimedia..es<\/p><\/div><\/div>\n<\/div>\n\n\n\n<div class=\"wp-block-uagb-container uagb-block-7c39c5e0\">\n<div class=\"wp-block-uagb-info-box uagb-block-a17ed88a uagb-infobox__content-wrap  uagb-infobox-icon-above-title uagb-infobox-image-valign-top\"><div class=\"uagb-ifb-content\"><div class=\"uagb-ifb-title-wrap\"><h3 class=\"uagb-ifb-title\">Aspecte Legal<\/h3><\/div><p class=\"uagb-ifb-desc\"><a href=\"https:\/\/www.alexmultimedia.es\/ca\/aviso-legal\/\" data-type=\"page\" data-id=\"778\">Av\u00eds Legal <\/a><br><a href=\"\/ca\/proteccion-datos\/\" data-type=\"page\" data-id=\"789\">Pol\u00edtica de Protecci\u00f3 de Dades<\/a><br><a href=\"https:\/\/www.alexmultimedia.es\/ca\/politica-cookies\/\" data-type=\"page\" data-id=\"792\">Pol\u00edtica de Cookies<\/a><\/p><\/div><\/div>\n<\/div>\n\n\n\n<div class=\"wp-block-uagb-container uagb-block-1a34e130\">\n<div class=\"wp-block-uagb-info-box uagb-block-7f66c0c4 uagb-infobox__content-wrap  uagb-infobox-icon-above-title uagb-infobox-image-valign-top\"><div class=\"uagb-ifb-content\"><div class=\"uagb-ifb-title-wrap\"><h3 class=\"uagb-ifb-title\">Enlla\u00e7os rellevants<\/h3><\/div><p class=\"uagb-ifb-desc\"><a href=\"\/ca\/paginas-web-a-medida-en-barcelona\/\">P\u00e0gines Web a Mesura<\/a><br><a href=\"\/ca\/posicionamiento-natural-organico\/\">Posicionament Natural<\/a><br><a href=\"\/ca\/diseno-web-drupal-profesional\/\">Disseny web Professional WordPress<\/a><\/p><\/div><\/div>\n<\/div>\n<\/div><\/div>","protected":false},"excerpt":{"rendered":"<p>Dise\u00f1o Web Drupal a medida \u00bfEst\u00e1s buscando que tu p\u00e1gina web posicione bien, est\u00e9 hecha a tu medida y sea [&hellip;]<\/p>\n","protected":false},"author":4,"featured_media":0,"parent":0,"menu_order":0,"comment_status":"closed","ping_status":"closed","template":"","meta":{"_uag_custom_page_level_css":"","site-sidebar-layout":"default","site-content-layout":"","ast-site-content-layout":"default","site-content-style":"default","site-sidebar-style":"default","ast-global-header-display":"","ast-banner-title-visibility":"","ast-main-header-display":"","ast-hfb-above-header-display":"","ast-hfb-below-header-display":"","ast-hfb-mobile-header-display":"","site-post-title":"disabled","ast-breadcrumbs-content":"","ast-featured-img":"","footer-sml-layout":"","ast-disable-related-posts":"","theme-transparent-header-meta":"","adv-header-id-meta":"","stick-header-meta":"","header-above-stick-meta":"","header-main-stick-meta":"","header-below-stick-meta":"","astra-migrate-meta-layouts":"default","ast-page-background-enabled":"default","ast-page-background-meta":{"desktop":{"background-color":"var(--ast-global-color-4)","background-image":"","background-repeat":"repeat","background-position":"center center","background-size":"auto","background-attachment":"scroll","background-type":"","background-media":"","overlay-type":"","overlay-color":"","overlay-opacity":"","overlay-gradient":""},"tablet":{"background-color":"","background-image":"","background-repeat":"repeat","background-position":"center center","background-size":"auto","background-attachment":"scroll","background-type":"","background-media":"","overlay-type":"","overlay-color":"","overlay-opacity":"","overlay-gradient":""},"mobile":{"background-color":"","background-image":"","background-repeat":"repeat","background-position":"center center","background-size":"auto","background-attachment":"scroll","background-type":"","background-media":"","overlay-type":"","overlay-color":"","overlay-opacity":"","overlay-gradient":""}},"ast-content-background-meta":{"desktop":{"background-color":"var(--ast-global-color-5)","background-image":"","background-repeat":"repeat","background-position":"center center","background-size":"auto","background-attachment":"scroll","background-type":"","background-media":"","overlay-type":"","overlay-color":"","overlay-opacity":"","overlay-gradient":""},"tablet":{"background-color":"var(--ast-global-color-5)","background-image":"","background-repeat":"repeat","background-position":"center center","background-size":"auto","background-attachment":"scroll","background-type":"","background-media":"","overlay-type":"","overlay-color":"","overlay-opacity":"","overlay-gradient":""},"mobile":{"background-color":"var(--ast-global-color-5)","background-image":"","background-repeat":"repeat","background-position":"center center","background-size":"auto","background-attachment":"scroll","background-type":"","background-media":"","overlay-type":"","overlay-color":"","overlay-opacity":"","overlay-gradient":""}},"footnotes":""},"class_list":["post-623","page","type-page","status-publish","hentry"],"yoast_head":"<!-- This site is optimized with the Yoast SEO plugin v27.3 - https:\/\/yoast.com\/product\/yoast-seo-wordpress\/ -->\n<title>Dise\u00f1o Web Drupal en Barcelona - ALEXMULTIMEDIA<\/title>\n<meta name=\"description\" content=\"Dise\u00f1amos webs Drupal a medida en Barcelona, potentes y seguras. Impulsa tu presencia online con un sitio profesional \u00a1Cont\u00e1ctanos hoy!\" \/>\n<meta name=\"robots\" content=\"index, follow, max-snippet:-1, max-image-preview:large, max-video-preview:-1\" \/>\n<link rel=\"canonical\" href=\"https:\/\/www.alexmultimedia.es\/ca\/diseno-web-drupal-profesional\/\" \/>\n<meta property=\"og:locale\" content=\"ca_ES\" \/>\n<meta property=\"og:type\" content=\"article\" \/>\n<meta property=\"og:title\" content=\"Dise\u00f1o Web Drupal en Barcelona - ALEXMULTIMEDIA\" \/>\n<meta property=\"og:description\" content=\"Dise\u00f1amos webs Drupal a medida en Barcelona, potentes y seguras. Impulsa tu presencia online con un sitio profesional \u00a1Cont\u00e1ctanos hoy!\" \/>\n<meta property=\"og:url\" content=\"https:\/\/www.alexmultimedia.es\/ca\/diseno-web-drupal-profesional\/\" \/>\n<meta property=\"og:site_name\" content=\"Alexmultimedia\" \/>\n<meta property=\"article:modified_time\" content=\"2025-11-21T12:08:52+00:00\" \/>\n<meta property=\"og:image\" content=\"https:\/\/www.alexmultimedia.es\/wp-content\/uploads\/2025\/10\/drupal-girona.jpg\" \/>\n\t<meta property=\"og:image:width\" content=\"400\" \/>\n\t<meta property=\"og:image:height\" content=\"267\" \/>\n\t<meta property=\"og:image:type\" content=\"image\/jpeg\" \/>\n<meta name=\"twitter:card\" content=\"summary_large_image\" \/>\n<meta name=\"twitter:label1\" content=\"Temps estimat de lectura\" \/>\n\t<meta name=\"twitter:data1\" content=\"8 minuts\" \/>\n<script type=\"application\/ld+json\" class=\"yoast-schema-graph\">{\"@context\":\"https:\\\/\\\/schema.org\",\"@graph\":[{\"@type\":\"WebPage\",\"@id\":\"https:\\\/\\\/www.alexmultimedia.es\\\/diseno-web-drupal-profesional\\\/\",\"url\":\"https:\\\/\\\/www.alexmultimedia.es\\\/diseno-web-drupal-profesional\\\/\",\"name\":\"Dise\u00f1o Web Drupal en Barcelona - ALEXMULTIMEDIA\",\"isPartOf\":{\"@id\":\"https:\\\/\\\/www.alexmultimedia.es\\\/#website\"},\"primaryImageOfPage\":{\"@id\":\"https:\\\/\\\/www.alexmultimedia.es\\\/diseno-web-drupal-profesional\\\/#primaryimage\"},\"image\":{\"@id\":\"https:\\\/\\\/www.alexmultimedia.es\\\/diseno-web-drupal-profesional\\\/#primaryimage\"},\"thumbnailUrl\":\"https:\\\/\\\/www.alexmultimedia.es\\\/wp-content\\\/uploads\\\/2025\\\/10\\\/drupal-girona.jpg\",\"datePublished\":\"2025-10-30T08:40:55+00:00\",\"dateModified\":\"2025-11-21T12:08:52+00:00\",\"description\":\"Dise\u00f1amos webs Drupal a medida en Barcelona, potentes y seguras. Impulsa tu presencia online con un sitio profesional \u00a1Cont\u00e1ctanos hoy!\",\"breadcrumb\":{\"@id\":\"https:\\\/\\\/www.alexmultimedia.es\\\/diseno-web-drupal-profesional\\\/#breadcrumb\"},\"inLanguage\":\"ca\",\"potentialAction\":[{\"@type\":\"ReadAction\",\"target\":[\"https:\\\/\\\/www.alexmultimedia.es\\\/diseno-web-drupal-profesional\\\/\"]}]},{\"@type\":\"ImageObject\",\"inLanguage\":\"ca\",\"@id\":\"https:\\\/\\\/www.alexmultimedia.es\\\/diseno-web-drupal-profesional\\\/#primaryimage\",\"url\":\"https:\\\/\\\/www.alexmultimedia.es\\\/wp-content\\\/uploads\\\/2025\\\/10\\\/drupal-girona.jpg\",\"contentUrl\":\"https:\\\/\\\/www.alexmultimedia.es\\\/wp-content\\\/uploads\\\/2025\\\/10\\\/drupal-girona.jpg\"},{\"@type\":\"BreadcrumbList\",\"@id\":\"https:\\\/\\\/www.alexmultimedia.es\\\/diseno-web-drupal-profesional\\\/#breadcrumb\",\"itemListElement\":[{\"@type\":\"ListItem\",\"position\":1,\"name\":\"Portada\",\"item\":\"https:\\\/\\\/www.alexmultimedia.es\\\/\"},{\"@type\":\"ListItem\",\"position\":2,\"name\":\"Dise\u00f1o Web Drupal\"}]},{\"@type\":\"WebSite\",\"@id\":\"https:\\\/\\\/www.alexmultimedia.es\\\/#website\",\"url\":\"https:\\\/\\\/www.alexmultimedia.es\\\/\",\"name\":\"Alexmultimedia\",\"description\":\"Alexmultimedia\",\"publisher\":{\"@id\":\"https:\\\/\\\/www.alexmultimedia.es\\\/#organization\"},\"potentialAction\":[{\"@type\":\"SearchAction\",\"target\":{\"@type\":\"EntryPoint\",\"urlTemplate\":\"https:\\\/\\\/www.alexmultimedia.es\\\/?s={search_term_string}\"},\"query-input\":{\"@type\":\"PropertyValueSpecification\",\"valueRequired\":true,\"valueName\":\"search_term_string\"}}],\"inLanguage\":\"ca\"},{\"@type\":\"Organization\",\"@id\":\"https:\\\/\\\/www.alexmultimedia.es\\\/#organization\",\"name\":\"Alexmultimedia\",\"url\":\"https:\\\/\\\/www.alexmultimedia.es\\\/\",\"logo\":{\"@type\":\"ImageObject\",\"inLanguage\":\"ca\",\"@id\":\"https:\\\/\\\/www.alexmultimedia.es\\\/#\\\/schema\\\/logo\\\/image\\\/\",\"url\":\"https:\\\/\\\/www.alexmultimedia.es\\\/wp-content\\\/uploads\\\/2025\\\/10\\\/cropped-logo-dark_BIG.png\",\"contentUrl\":\"https:\\\/\\\/www.alexmultimedia.es\\\/wp-content\\\/uploads\\\/2025\\\/10\\\/cropped-logo-dark_BIG.png\",\"width\":960,\"height\":363,\"caption\":\"Alexmultimedia\"},\"image\":{\"@id\":\"https:\\\/\\\/www.alexmultimedia.es\\\/#\\\/schema\\\/logo\\\/image\\\/\"}}]}<\/script>\n<!-- \/ Yoast SEO plugin. -->","yoast_head_json":{"title":"Dise\u00f1o Web Drupal en Barcelona - ALEXMULTIMEDIA","description":"Dise\u00f1amos webs Drupal a medida en Barcelona, potentes y seguras. Impulsa tu presencia online con un sitio profesional \u00a1Cont\u00e1ctanos hoy!","robots":{"index":"index","follow":"follow","max-snippet":"max-snippet:-1","max-image-preview":"max-image-preview:large","max-video-preview":"max-video-preview:-1"},"canonical":"https:\/\/www.alexmultimedia.es\/ca\/diseno-web-drupal-profesional\/","og_locale":"ca_ES","og_type":"article","og_title":"Dise\u00f1o Web Drupal en Barcelona - ALEXMULTIMEDIA","og_description":"Dise\u00f1amos webs Drupal a medida en Barcelona, potentes y seguras. Impulsa tu presencia online con un sitio profesional \u00a1Cont\u00e1ctanos hoy!","og_url":"https:\/\/www.alexmultimedia.es\/ca\/diseno-web-drupal-profesional\/","og_site_name":"Alexmultimedia","article_modified_time":"2025-11-21T12:08:52+00:00","og_image":[{"width":400,"height":267,"url":"https:\/\/www.alexmultimedia.es\/wp-content\/uploads\/2025\/10\/drupal-girona.jpg","type":"image\/jpeg"}],"twitter_card":"summary_large_image","twitter_misc":{"Temps estimat de lectura":"8 minuts"},"schema":{"@context":"https:\/\/schema.org","@graph":[{"@type":"WebPage","@id":"https:\/\/www.alexmultimedia.es\/diseno-web-drupal-profesional\/","url":"https:\/\/www.alexmultimedia.es\/diseno-web-drupal-profesional\/","name":"Dise\u00f1o Web Drupal en Barcelona - ALEXMULTIMEDIA","isPartOf":{"@id":"https:\/\/www.alexmultimedia.es\/#website"},"primaryImageOfPage":{"@id":"https:\/\/www.alexmultimedia.es\/diseno-web-drupal-profesional\/#primaryimage"},"image":{"@id":"https:\/\/www.alexmultimedia.es\/diseno-web-drupal-profesional\/#primaryimage"},"thumbnailUrl":"https:\/\/www.alexmultimedia.es\/wp-content\/uploads\/2025\/10\/drupal-girona.jpg","datePublished":"2025-10-30T08:40:55+00:00","dateModified":"2025-11-21T12:08:52+00:00","description":"Dise\u00f1amos webs Drupal a medida en Barcelona, potentes y seguras. Impulsa tu presencia online con un sitio profesional \u00a1Cont\u00e1ctanos hoy!","breadcrumb":{"@id":"https:\/\/www.alexmultimedia.es\/diseno-web-drupal-profesional\/#breadcrumb"},"inLanguage":"ca","potentialAction":[{"@type":"ReadAction","target":["https:\/\/www.alexmultimedia.es\/diseno-web-drupal-profesional\/"]}]},{"@type":"ImageObject","inLanguage":"ca","@id":"https:\/\/www.alexmultimedia.es\/diseno-web-drupal-profesional\/#primaryimage","url":"https:\/\/www.alexmultimedia.es\/wp-content\/uploads\/2025\/10\/drupal-girona.jpg","contentUrl":"https:\/\/www.alexmultimedia.es\/wp-content\/uploads\/2025\/10\/drupal-girona.jpg"},{"@type":"BreadcrumbList","@id":"https:\/\/www.alexmultimedia.es\/diseno-web-drupal-profesional\/#breadcrumb","itemListElement":[{"@type":"ListItem","position":1,"name":"Portada","item":"https:\/\/www.alexmultimedia.es\/"},{"@type":"ListItem","position":2,"name":"Dise\u00f1o Web Drupal"}]},{"@type":"WebSite","@id":"https:\/\/www.alexmultimedia.es\/#website","url":"https:\/\/www.alexmultimedia.es\/","name":"Alexmultimedia","description":"Alexmultimedia","publisher":{"@id":"https:\/\/www.alexmultimedia.es\/#organization"},"potentialAction":[{"@type":"SearchAction","target":{"@type":"EntryPoint","urlTemplate":"https:\/\/www.alexmultimedia.es\/?s={search_term_string}"},"query-input":{"@type":"PropertyValueSpecification","valueRequired":true,"valueName":"search_term_string"}}],"inLanguage":"ca"},{"@type":"Organization","@id":"https:\/\/www.alexmultimedia.es\/#organization","name":"Alexmultimedia","url":"https:\/\/www.alexmultimedia.es\/","logo":{"@type":"ImageObject","inLanguage":"ca","@id":"https:\/\/www.alexmultimedia.es\/#\/schema\/logo\/image\/","url":"https:\/\/www.alexmultimedia.es\/wp-content\/uploads\/2025\/10\/cropped-logo-dark_BIG.png","contentUrl":"https:\/\/www.alexmultimedia.es\/wp-content\/uploads\/2025\/10\/cropped-logo-dark_BIG.png","width":960,"height":363,"caption":"Alexmultimedia"},"image":{"@id":"https:\/\/www.alexmultimedia.es\/#\/schema\/logo\/image\/"}}]}},"uagb_featured_image_src":{"full":false,"thumbnail":false,"medium":false,"medium_large":false,"large":false,"1536x1536":false,"2048x2048":false,"trp-custom-language-flag":false},"uagb_author_info":{"display_name":"dzwngaknr6z2","author_link":"https:\/\/www.alexmultimedia.es\/ca\/author\/dzwngaknr6z2\/"},"uagb_comment_info":0,"uagb_excerpt":"Dise\u00f1o Web Drupal a medida \u00bfEst\u00e1s buscando que tu p\u00e1gina web posicione bien, est\u00e9 hecha a tu medida y sea [&hellip;]","_links":{"self":[{"href":"https:\/\/www.alexmultimedia.es\/ca\/wp-json\/wp\/v2\/pages\/623","targetHints":{"allow":["GET"]}}],"collection":[{"href":"https:\/\/www.alexmultimedia.es\/ca\/wp-json\/wp\/v2\/pages"}],"about":[{"href":"https:\/\/www.alexmultimedia.es\/ca\/wp-json\/wp\/v2\/types\/page"}],"author":[{"embeddable":true,"href":"https:\/\/www.alexmultimedia.es\/ca\/wp-json\/wp\/v2\/users\/4"}],"replies":[{"embeddable":true,"href":"https:\/\/www.alexmultimedia.es\/ca\/wp-json\/wp\/v2\/comments?post=623"}],"version-history":[{"count":10,"href":"https:\/\/www.alexmultimedia.es\/ca\/wp-json\/wp\/v2\/pages\/623\/revisions"}],"predecessor-version":[{"id":891,"href":"https:\/\/www.alexmultimedia.es\/ca\/wp-json\/wp\/v2\/pages\/623\/revisions\/891"}],"wp:attachment":[{"href":"https:\/\/www.alexmultimedia.es\/ca\/wp-json\/wp\/v2\/media?parent=623"}],"curies":[{"name":"wp","href":"https:\/\/api.w.org\/{rel}","templated":true}]}}