{"id":629,"date":"2025-10-30T08:41:11","date_gmt":"2025-10-30T08:41:11","guid":{"rendered":"https:\/\/www.alexmultimedia.es\/?page_id=629"},"modified":"2025-11-21T12:09:56","modified_gmt":"2025-11-21T12:09:56","slug":"marketing-digital-profesional","status":"publish","type":"page","link":"https:\/\/www.alexmultimedia.es\/ca\/marketing-digital-profesional\/","title":{"rendered":"M\u00e0rqueting Digital a mesura"},"content":{"rendered":"<div class=\"wp-block-uagb-container uagb-block-dde5c922 alignfull uagb-is-root-container\">\n<div class=\"wp-block-uagb-container uagb-block-b618de5d\">\n<div class=\"wp-block-uagb-advanced-heading uagb-block-1d772575\"><h1 class=\"uagb-heading-text\">M\u00e0rqueting Digital a mesura<br><\/h1><\/div>\n<\/div>\n<\/div>\n\n\n\n<div class=\"wp-block-uagb-container uagb-block-4b0b8f05 alignfull uagb-is-root-container\"><div class=\"uagb-container-inner-blocks-wrap\">\n<div class=\"wp-block-uagb-advanced-heading uagb-block-ab53c455\"><h2 class=\"uagb-heading-text\"><strong>Transformant Estrat\u00e8gies: M\u00e0rqueting Digital Avan\u00e7at a mesura<\/strong><\/h2><p class=\"uagb-desc-text\">Benvinguts a ALEXMULTIMEDIA, especialistes en\u00a0m\u00e0rqueting digital personalitzat. Amb una visi\u00f3 centrada en l'evoluci\u00f3 cont\u00ednua, treballem amb les t\u00e0ctiques avan\u00e7ades que impulsen el creixement.<\/p><\/div>\n\n\n\n<div class=\"wp-block-uagb-container uagb-layout-flex uagb-block-9286c5ad\">\n<div class=\"wp-block-uagb-container uagb-block-b6ad80b7\">\n<div class=\"wp-block-uagb-info-box uagb-block-db3dcad8 uagb-infobox__content-wrap  uagb-infobox-icon-above-title uagb-infobox-image-valign-top\"><div class=\"uagb-ifb-content\"><div class=\"uagb-ifb-title-wrap\"><h3 class=\"uagb-ifb-title-prefix\">M\u00e0rqueting Digital personalitzat<\/h3><p class=\"uagb-ifb-title translation-block\">Oferim un servei integral de m\u00e0rqueting digital centrat en la <strong>conversi\u00f3<\/strong>. Dissenyem <strong>landing pages irresistibles<\/strong> i optimitzem les <strong>anomenades a l'acci\u00f3 (CTA)<\/strong> per a guiar als visitants a l'acci\u00f3 desitjada. Utilitzem <strong>copywriting expert<\/strong> per a crear contingut atractiu que connecti amb l'audi\u00e8ncia local. Impulsem la visibilitat i les oportunitats de negoci mitjan\u00e7ant <strong>campanyes de publicitat SEM<\/strong> intel\u00b7ligents i eficients. Finalment, l'avaluaci\u00f3 <strong> constant de dades<\/strong> ens permet comprendre el comportament de l'usuari i implementar ajustos estrat\u00e8gics per a la millora cont\u00ednua.<\/p><\/div><\/div><\/div>\n<\/div>\n\n\n\n<figure class=\"wp-block-image size-full has-custom-border\" style=\"margin-top:90px;margin-bottom:90px\"><img loading=\"lazy\" decoding=\"async\" width=\"500\" height=\"302\" src=\"https:\/\/www.alexmultimedia.es\/wp-content\/uploads\/2025\/10\/analitics.webp\" alt=\"analitics\" class=\"has-border-color has-ast-global-color-1-border-color wp-image-632\" style=\"border-width:1px;border-radius:20px;box-shadow:var(--wp--preset--shadow--sharp)\" srcset=\"https:\/\/www.alexmultimedia.es\/wp-content\/uploads\/2025\/10\/analitics.webp 500w, https:\/\/www.alexmultimedia.es\/wp-content\/uploads\/2025\/10\/analitics-300x181.webp 300w\" sizes=\"auto, (max-width: 500px) 100vw, 500px\" \/><\/figure>\n<\/div>\n\n\n\n<div class=\"wp-block-uagb-container uagb-layout-flex uagb-block-cebb2fc1\">\n<div class=\"wp-block-group is-nowrap is-layout-flex wp-container-core-group-is-layout-6c531013 wp-block-group-is-layout-flex\">\n<figure class=\"wp-block-image size-full has-custom-border uag-hide-tab uag-hide-mob\" style=\"margin-top:90px;margin-bottom:90px\"><img loading=\"lazy\" decoding=\"async\" width=\"1536\" height=\"1024\" src=\"https:\/\/www.alexmultimedia.es\/wp-content\/uploads\/2025\/09\/campanas_seo-1.webp\" alt=\"campa\u00f1as seo\" class=\"has-border-color has-ast-global-color-1-border-color wp-image-426\" style=\"border-width:1px;border-radius:20px;box-shadow:var(--wp--preset--shadow--sharp)\" srcset=\"https:\/\/www.alexmultimedia.es\/wp-content\/uploads\/2025\/09\/campanas_seo-1.webp 1536w, https:\/\/www.alexmultimedia.es\/wp-content\/uploads\/2025\/09\/campanas_seo-1-300x200.webp 300w, https:\/\/www.alexmultimedia.es\/wp-content\/uploads\/2025\/09\/campanas_seo-1-1024x683.webp 1024w, https:\/\/www.alexmultimedia.es\/wp-content\/uploads\/2025\/09\/campanas_seo-1-768x512.webp 768w\" sizes=\"auto, (max-width: 1536px) 100vw, 1536px\" \/><\/figure>\n\n\n\n<div class=\"wp-block-uagb-container uagb-block-fcfeb657\">\n<div class=\"wp-block-uagb-info-box uagb-block-62e38cdd uagb-infobox__content-wrap  uagb-infobox-icon-above-title uagb-infobox-image-valign-top\"><div class=\"uagb-ifb-content\"><div class=\"uagb-ifb-title-wrap\"><h3 class=\"uagb-ifb-title-prefix\">Vols augmentar les vendes del teu negoci ?<\/h3><p class=\"uagb-ifb-title\"><br>Som aqu\u00ed per a aconseguir que la teva pres\u00e8ncia en l\u00ednia sigui un \u00e8xit. Volem transformar la teva pres\u00e8ncia digital en una gran oportunitat de negoci, escalar el que tens i rendibilitzar al m\u00e0xim optimitzant les teves oportunitats En l\u00ednia.<\/p><\/div><\/div><\/div>\n<\/div>\n<\/div>\n<\/div>\n<\/div><\/div>\n\n\n\n<div class=\"wp-block-uagb-container uagb-layout-flex uagb-block-2e123afa alignfull uagb-is-root-container\"><div class=\"uagb-container-inner-blocks-wrap\">\n<div class=\"wp-block-uagb-container uagb-block-ce021846\"><\/div>\n\n\n\n<div class=\"wp-block-uagb-container uagb-block-870835a5\"><\/div>\n<\/div><\/div>\n\n\n\n<div class=\"wp-block-uagb-container uagb-block-3cd8a716 alignfull uagb-is-root-container\"><div class=\"uagb-container-inner-blocks-wrap\">\n<div class=\"wp-block-uagb-advanced-heading uagb-block-56b33e2c\"><h2 class=\"uagb-heading-text\">Per\u00f2 qu\u00e8 \u00e9s Realment el M\u00e0rqueting Digital<\/h2><\/div>\n\n\n\n<div class=\"wp-block-uagb-container uagb-block-1819c51b\">\n<p>El m\u00e0rqueting digital \u00e9s m\u00e9s que una simple pres\u00e8ncia en Internet; \u00e9s una coordinaci\u00f3 estrat\u00e8gica de diverses t\u00e8cniques destinades a captivar i convertir audi\u00e8ncies a trav\u00e9s d'Internet. \u00c9s un conjunt d'eines din\u00e0miques dissenyades per a impulsar el creixement i la visibilitat de les empreses de manera efectiva en l'era digital actual.<\/p>\n<\/div>\n\n\n\n<ul class=\"wp-block-list\">\n<li class=\"translation-block\"><strong>SEM (Search Engine M\u00e0rqueting)<\/strong>: Utilitzant publicitat de pagament, com a PPC (Pagament Per Clic), el SEM posa la teva empresa davant els clients potencials en els moments clau, augmentant la visibilitat i les oportunitats de conversi\u00f3 aix\u00ed com les vendes de manera r\u00e0pida. Creen una r\u00e0pida recuperaci\u00f3 de la inversi\u00f3 (ROI).<\/li>\n\n\n\n<li><strong>SEM (Search Engine Marketing)<\/strong>: Utilizando publicidad de pago, como PPC (Pago Por Clic), el SEM pone tu empresa ante los clientes potenciales en los momentos clave, aumentando la visibilidad y las oportunidades de conversi\u00f3n as\u00ed como las ventas de forma r\u00e1pida. Crean una r\u00e1pida recuperaci\u00f3n de la inversi\u00f3n (ROI).<\/li>\n\n\n\n<li class=\"translation-block\"><strong>Copywriting<\/strong>: L'art de crear contingut persuasiu per als clients, \u00e9s fonamental. El copywriting efectiu comunica valors, destaca avantatges dels productes. Tamb\u00e9 guia als usuaris cap a accions concretes.<\/li>\n\n\n\n<li class=\"translation-block\"><strong>Inbound M\u00e0rqueting<\/strong>: Creem experi\u00e8ncies significatives per als usuaris, establint una relaci\u00f3 m\u00e9s profunda amb la marca.<\/li>\n\n\n\n<li class=\"translation-block\"><strong>Embuts de Conversi\u00f3<\/strong>: Estrat\u00e8gies que guien els usuaris a trav\u00e9s d'un proc\u00e9s que va des de la consci\u00e8ncia fins a la conversi\u00f3. Aquesta metodologia personalitzada \u00e9s capital per a convertir visitants en clients de la nostra empresa i crear conversions.<\/li>\n\n\n\n<li class=\"translation-block\"><strong>Landing Pages<\/strong>: Les p\u00e0gines d'aterratge s\u00f3n la primera impressi\u00f3 que t\u00e9 un client potencial que visita la nostra web. Dissenyem landing pages irresistibles que captiven i converteixen, facilitant la interacci\u00f3 i la conversi\u00f3 dels visitants.<\/li>\n\n\n\n<li class=\"translation-block\"><strong>PPC (Pagament Per Clic)<\/strong>: Una t\u00e8cnica de publicitat en l\u00ednia on les empreses paguen una tarifa cada vegada que alg\u00fa fa clic al seu anunci. \u00c9s part integral del SEM i proporciona resultats immediats.<\/li>\n\n\n\n<li class=\"translation-block\"><strong>CTR (Taxa de Clics)<\/strong>: Indica la proporci\u00f3 de persones que han clicat en un enlla\u00e7 respecte al nombre total d'usuaris que han vist l'anunci. Un CTR alt indica una major efic\u00e0cia en les campanyes publicit\u00e0ries.<\/li>\n<\/ul>\n\n\n\n<div class=\"wp-block-uagb-container uagb-block-57947dd3\">\n<p style=\"margin-top:var(--wp--preset--spacing--50);margin-bottom:var(--wp--preset--spacing--50)\" class=\"translation-block\">La coordinaci\u00f3 d'aquestes t\u00e8cniques \u00e9s essencial per a una estrat\u00e8gia de\u00a0<strong>m\u00e0rqueting digital reeixida<\/strong>. El SEU impulsa la visibilitat org\u00e0nica, el SEM mostra a la teva empresa davant els clients potencials, el copywriting comunica de manera persuasiva, els embuts de conversi\u00f3 guien els usuaris cap a la conversi\u00f3, les landing pages capturen i converteixen, mentre que conceptes com a PPC i CTR milloren la precisi\u00f3 i l'efic\u00e0cia de les campanyes publicit\u00e0ries. Tot junt t\u00e9 com a objectiu la conversi\u00f3 dels teus clients potencials en vendes i m\u00e9s ingressos per a l'empresa.<\/p>\n<\/div>\n<\/div><\/div>\n\n\n\n<div class=\"wp-block-uagb-container uagb-block-d7b60fd6 alignfull uagb-is-root-container\"><div class=\"uagb-container-inner-blocks-wrap\">\n<div class=\"wp-block-uagb-info-box uagb-block-6fdc34d4 uagb-infobox__content-wrap  uagb-infobox-icon-above-title uagb-infobox-image-valign-top\"><div class=\"uagb-ifb-content\"><div class=\"uagb-ifb-title-wrap\"><h2 class=\"uagb-ifb-title\">Transforma el teu negoci amb nosaltres avui!<\/h2><\/div><p class=\"uagb-ifb-desc\">En Alexmultimedia, estem dedicats a oferir disseny web de qualitat per a empreses a Barcelona, adaptant-nos a les teves necessitats espec\u00edfiques.<\/p><div class=\"uagb-ifb-button-wrapper wp-block-button\"><a href=\"\/ca\/contacto\/\" class=\"uagb-infobox-cta-link wp-block-button__link\" target=\"_self\" rel=\"noopener noreferrer\" onclick=\"return true;\"><span class=\"uagb-inline-editing\">Sol\u00b7licita pressupost<\/span><\/a><\/div><\/div><\/div>\n<\/div><\/div>\n\n\n\n<div class=\"wp-block-uagb-container uagb-block-c07745c5 alignfull uagb-is-root-container\"><div class=\"uagb-container-inner-blocks-wrap\">\n<div class=\"wp-block-uagb-container uagb-block-66fc2ef0\">\n<div class=\"wp-block-uagb-info-box uagb-block-beb6dd26 uagb-infobox__content-wrap  uagb-infobox-icon-above-title uagb-infobox-image-valign-top\"><div class=\"uagb-ifb-content\"><div class=\"uagb-ifb-title-wrap\"><h3 class=\"uagb-ifb-title\"><br>Contacta'ns<\/h3><\/div><p class=\"uagb-ifb-desc\"><strong>Carrer Concili de Trento 78<\/strong> 08018, <strong>BARCELONA<\/strong><br><strong>Carretera Sant Gregori 107<\/strong> 17007, <strong>GIRONA<\/strong><br><strong>+34 671 84 27 07<\/strong><br>info@alexmultimedia..es<\/p><\/div><\/div>\n<\/div>\n\n\n\n<div class=\"wp-block-uagb-container uagb-block-7c39c5e0\">\n<div class=\"wp-block-uagb-info-box uagb-block-a17ed88a uagb-infobox__content-wrap  uagb-infobox-icon-above-title uagb-infobox-image-valign-top\"><div class=\"uagb-ifb-content\"><div class=\"uagb-ifb-title-wrap\"><h3 class=\"uagb-ifb-title\">Aspecte Legal<\/h3><\/div><p class=\"uagb-ifb-desc\"><a href=\"https:\/\/www.alexmultimedia.es\/ca\/aviso-legal\/\" data-type=\"page\" data-id=\"778\">Av\u00eds Legal <\/a><br><a href=\"\/ca\/proteccion-datos\/\" data-type=\"page\" data-id=\"789\">Pol\u00edtica de Protecci\u00f3 de Dades<\/a><br><a href=\"https:\/\/www.alexmultimedia.es\/ca\/politica-cookies\/\" data-type=\"page\" data-id=\"792\">Pol\u00edtica de Cookies<\/a><\/p><\/div><\/div>\n<\/div>\n\n\n\n<div class=\"wp-block-uagb-container uagb-block-1a34e130\">\n<div class=\"wp-block-uagb-info-box uagb-block-7f66c0c4 uagb-infobox__content-wrap  uagb-infobox-icon-above-title uagb-infobox-image-valign-top\"><div class=\"uagb-ifb-content\"><div class=\"uagb-ifb-title-wrap\"><h3 class=\"uagb-ifb-title\">Enlla\u00e7os rellevants<\/h3><\/div><p class=\"uagb-ifb-desc\"><a href=\"\/ca\/paginas-web-a-medida-en-barcelona\/\">P\u00e0gines Web a Mesura<\/a><br><a href=\"\/ca\/posicionamiento-natural-organico\/\">Posicionament Natural<\/a><br><a href=\"\/ca\/diseno-web-drupal-profesional\/\">Disseny web Professional WordPress<\/a><\/p><\/div><\/div>\n<\/div>\n<\/div><\/div>","protected":false},"excerpt":{"rendered":"<p>Marketing Digital a medida Transformando Estrategias: Marketing Digital Avanzado a medida Bienvenidos a ALEXMULTIMEDIA, especialistas en&nbsp;marketing digital personalizado. Con una [&hellip;]<\/p>\n","protected":false},"author":4,"featured_media":0,"parent":0,"menu_order":0,"comment_status":"closed","ping_status":"closed","template":"","meta":{"_uag_custom_page_level_css":"","site-sidebar-layout":"default","site-content-layout":"","ast-site-content-layout":"default","site-content-style":"default","site-sidebar-style":"default","ast-global-header-display":"","ast-banner-title-visibility":"","ast-main-header-display":"","ast-hfb-above-header-display":"","ast-hfb-below-header-display":"","ast-hfb-mobile-header-display":"","site-post-title":"disabled","ast-breadcrumbs-content":"","ast-featured-img":"","footer-sml-layout":"","ast-disable-related-posts":"","theme-transparent-header-meta":"","adv-header-id-meta":"","stick-header-meta":"","header-above-stick-meta":"","header-main-stick-meta":"","header-below-stick-meta":"","astra-migrate-meta-layouts":"default","ast-page-background-enabled":"default","ast-page-background-meta":{"desktop":{"background-color":"var(--ast-global-color-4)","background-image":"","background-repeat":"repeat","background-position":"center center","background-size":"auto","background-attachment":"scroll","background-type":"","background-media":"","overlay-type":"","overlay-color":"","overlay-opacity":"","overlay-gradient":""},"tablet":{"background-color":"","background-image":"","background-repeat":"repeat","background-position":"center center","background-size":"auto","background-attachment":"scroll","background-type":"","background-media":"","overlay-type":"","overlay-color":"","overlay-opacity":"","overlay-gradient":""},"mobile":{"background-color":"","background-image":"","background-repeat":"repeat","background-position":"center center","background-size":"auto","background-attachment":"scroll","background-type":"","background-media":"","overlay-type":"","overlay-color":"","overlay-opacity":"","overlay-gradient":""}},"ast-content-background-meta":{"desktop":{"background-color":"var(--ast-global-color-5)","background-image":"","background-repeat":"repeat","background-position":"center center","background-size":"auto","background-attachment":"scroll","background-type":"","background-media":"","overlay-type":"","overlay-color":"","overlay-opacity":"","overlay-gradient":""},"tablet":{"background-color":"var(--ast-global-color-5)","background-image":"","background-repeat":"repeat","background-position":"center center","background-size":"auto","background-attachment":"scroll","background-type":"","background-media":"","overlay-type":"","overlay-color":"","overlay-opacity":"","overlay-gradient":""},"mobile":{"background-color":"var(--ast-global-color-5)","background-image":"","background-repeat":"repeat","background-position":"center center","background-size":"auto","background-attachment":"scroll","background-type":"","background-media":"","overlay-type":"","overlay-color":"","overlay-opacity":"","overlay-gradient":""}},"footnotes":""},"class_list":["post-629","page","type-page","status-publish","hentry"],"yoast_head":"<!-- This site is optimized with the Yoast SEO plugin v27.3 - https:\/\/yoast.com\/product\/yoast-seo-wordpress\/ -->\n<title>Marketing Digital a medida en Barcelona - Alexmultimedia<\/title>\n<meta name=\"description\" content=\"Impulsa tu negocio con marketing digital a medida en Barcelona \u00a1Mejora tu visibilidad y atrae m\u00e1s clientes hoy!\" \/>\n<meta name=\"robots\" content=\"index, follow, max-snippet:-1, max-image-preview:large, max-video-preview:-1\" \/>\n<link rel=\"canonical\" href=\"https:\/\/www.alexmultimedia.es\/ca\/marketing-digital-profesional\/\" \/>\n<meta property=\"og:locale\" content=\"ca_ES\" \/>\n<meta property=\"og:type\" content=\"article\" \/>\n<meta property=\"og:title\" content=\"Marketing Digital a medida en Barcelona - Alexmultimedia\" \/>\n<meta property=\"og:description\" content=\"Impulsa tu negocio con marketing digital a medida en Barcelona \u00a1Mejora tu visibilidad y atrae m\u00e1s clientes hoy!\" \/>\n<meta property=\"og:url\" content=\"https:\/\/www.alexmultimedia.es\/ca\/marketing-digital-profesional\/\" \/>\n<meta property=\"og:site_name\" content=\"Alexmultimedia\" \/>\n<meta property=\"article:modified_time\" content=\"2025-11-21T12:09:56+00:00\" \/>\n<meta property=\"og:image\" content=\"https:\/\/www.alexmultimedia.es\/wp-content\/uploads\/2025\/10\/analitics.webp\" \/>\n\t<meta property=\"og:image:width\" content=\"500\" \/>\n\t<meta property=\"og:image:height\" content=\"302\" \/>\n\t<meta property=\"og:image:type\" content=\"image\/webp\" \/>\n<meta name=\"twitter:card\" content=\"summary_large_image\" \/>\n<meta name=\"twitter:label1\" content=\"Temps estimat de lectura\" \/>\n\t<meta name=\"twitter:data1\" content=\"10 minuts\" \/>\n<script type=\"application\/ld+json\" class=\"yoast-schema-graph\">{\"@context\":\"https:\\\/\\\/schema.org\",\"@graph\":[{\"@type\":\"WebPage\",\"@id\":\"https:\\\/\\\/www.alexmultimedia.es\\\/marketing-digital-profesional\\\/\",\"url\":\"https:\\\/\\\/www.alexmultimedia.es\\\/marketing-digital-profesional\\\/\",\"name\":\"Marketing Digital a medida en Barcelona - Alexmultimedia\",\"isPartOf\":{\"@id\":\"https:\\\/\\\/www.alexmultimedia.es\\\/#website\"},\"primaryImageOfPage\":{\"@id\":\"https:\\\/\\\/www.alexmultimedia.es\\\/marketing-digital-profesional\\\/#primaryimage\"},\"image\":{\"@id\":\"https:\\\/\\\/www.alexmultimedia.es\\\/marketing-digital-profesional\\\/#primaryimage\"},\"thumbnailUrl\":\"https:\\\/\\\/www.alexmultimedia.es\\\/wp-content\\\/uploads\\\/2025\\\/10\\\/analitics.webp\",\"datePublished\":\"2025-10-30T08:41:11+00:00\",\"dateModified\":\"2025-11-21T12:09:56+00:00\",\"description\":\"Impulsa tu negocio con marketing digital a medida en Barcelona \u00a1Mejora tu visibilidad y atrae m\u00e1s clientes hoy!\",\"breadcrumb\":{\"@id\":\"https:\\\/\\\/www.alexmultimedia.es\\\/marketing-digital-profesional\\\/#breadcrumb\"},\"inLanguage\":\"ca\",\"potentialAction\":[{\"@type\":\"ReadAction\",\"target\":[\"https:\\\/\\\/www.alexmultimedia.es\\\/marketing-digital-profesional\\\/\"]}]},{\"@type\":\"ImageObject\",\"inLanguage\":\"ca\",\"@id\":\"https:\\\/\\\/www.alexmultimedia.es\\\/marketing-digital-profesional\\\/#primaryimage\",\"url\":\"https:\\\/\\\/www.alexmultimedia.es\\\/wp-content\\\/uploads\\\/2025\\\/10\\\/analitics.webp\",\"contentUrl\":\"https:\\\/\\\/www.alexmultimedia.es\\\/wp-content\\\/uploads\\\/2025\\\/10\\\/analitics.webp\"},{\"@type\":\"BreadcrumbList\",\"@id\":\"https:\\\/\\\/www.alexmultimedia.es\\\/marketing-digital-profesional\\\/#breadcrumb\",\"itemListElement\":[{\"@type\":\"ListItem\",\"position\":1,\"name\":\"Portada\",\"item\":\"https:\\\/\\\/www.alexmultimedia.es\\\/\"},{\"@type\":\"ListItem\",\"position\":2,\"name\":\"Marketing Digital a medida\"}]},{\"@type\":\"WebSite\",\"@id\":\"https:\\\/\\\/www.alexmultimedia.es\\\/#website\",\"url\":\"https:\\\/\\\/www.alexmultimedia.es\\\/\",\"name\":\"Alexmultimedia\",\"description\":\"Alexmultimedia\",\"publisher\":{\"@id\":\"https:\\\/\\\/www.alexmultimedia.es\\\/#organization\"},\"potentialAction\":[{\"@type\":\"SearchAction\",\"target\":{\"@type\":\"EntryPoint\",\"urlTemplate\":\"https:\\\/\\\/www.alexmultimedia.es\\\/?s={search_term_string}\"},\"query-input\":{\"@type\":\"PropertyValueSpecification\",\"valueRequired\":true,\"valueName\":\"search_term_string\"}}],\"inLanguage\":\"ca\"},{\"@type\":\"Organization\",\"@id\":\"https:\\\/\\\/www.alexmultimedia.es\\\/#organization\",\"name\":\"Alexmultimedia\",\"url\":\"https:\\\/\\\/www.alexmultimedia.es\\\/\",\"logo\":{\"@type\":\"ImageObject\",\"inLanguage\":\"ca\",\"@id\":\"https:\\\/\\\/www.alexmultimedia.es\\\/#\\\/schema\\\/logo\\\/image\\\/\",\"url\":\"https:\\\/\\\/www.alexmultimedia.es\\\/wp-content\\\/uploads\\\/2025\\\/10\\\/cropped-logo-dark_BIG.png\",\"contentUrl\":\"https:\\\/\\\/www.alexmultimedia.es\\\/wp-content\\\/uploads\\\/2025\\\/10\\\/cropped-logo-dark_BIG.png\",\"width\":960,\"height\":363,\"caption\":\"Alexmultimedia\"},\"image\":{\"@id\":\"https:\\\/\\\/www.alexmultimedia.es\\\/#\\\/schema\\\/logo\\\/image\\\/\"}}]}<\/script>\n<!-- \/ Yoast SEO plugin. -->","yoast_head_json":{"title":"Marketing Digital a medida en Barcelona - Alexmultimedia","description":"Impulsa tu negocio con marketing digital a medida en Barcelona \u00a1Mejora tu visibilidad y atrae m\u00e1s clientes hoy!","robots":{"index":"index","follow":"follow","max-snippet":"max-snippet:-1","max-image-preview":"max-image-preview:large","max-video-preview":"max-video-preview:-1"},"canonical":"https:\/\/www.alexmultimedia.es\/ca\/marketing-digital-profesional\/","og_locale":"ca_ES","og_type":"article","og_title":"Marketing Digital a medida en Barcelona - Alexmultimedia","og_description":"Impulsa tu negocio con marketing digital a medida en Barcelona \u00a1Mejora tu visibilidad y atrae m\u00e1s clientes hoy!","og_url":"https:\/\/www.alexmultimedia.es\/ca\/marketing-digital-profesional\/","og_site_name":"Alexmultimedia","article_modified_time":"2025-11-21T12:09:56+00:00","og_image":[{"width":500,"height":302,"url":"https:\/\/www.alexmultimedia.es\/wp-content\/uploads\/2025\/10\/analitics.webp","type":"image\/webp"}],"twitter_card":"summary_large_image","twitter_misc":{"Temps estimat de lectura":"10 minuts"},"schema":{"@context":"https:\/\/schema.org","@graph":[{"@type":"WebPage","@id":"https:\/\/www.alexmultimedia.es\/marketing-digital-profesional\/","url":"https:\/\/www.alexmultimedia.es\/marketing-digital-profesional\/","name":"Marketing Digital a medida en Barcelona - Alexmultimedia","isPartOf":{"@id":"https:\/\/www.alexmultimedia.es\/#website"},"primaryImageOfPage":{"@id":"https:\/\/www.alexmultimedia.es\/marketing-digital-profesional\/#primaryimage"},"image":{"@id":"https:\/\/www.alexmultimedia.es\/marketing-digital-profesional\/#primaryimage"},"thumbnailUrl":"https:\/\/www.alexmultimedia.es\/wp-content\/uploads\/2025\/10\/analitics.webp","datePublished":"2025-10-30T08:41:11+00:00","dateModified":"2025-11-21T12:09:56+00:00","description":"Impulsa tu negocio con marketing digital a medida en Barcelona \u00a1Mejora tu visibilidad y atrae m\u00e1s clientes hoy!","breadcrumb":{"@id":"https:\/\/www.alexmultimedia.es\/marketing-digital-profesional\/#breadcrumb"},"inLanguage":"ca","potentialAction":[{"@type":"ReadAction","target":["https:\/\/www.alexmultimedia.es\/marketing-digital-profesional\/"]}]},{"@type":"ImageObject","inLanguage":"ca","@id":"https:\/\/www.alexmultimedia.es\/marketing-digital-profesional\/#primaryimage","url":"https:\/\/www.alexmultimedia.es\/wp-content\/uploads\/2025\/10\/analitics.webp","contentUrl":"https:\/\/www.alexmultimedia.es\/wp-content\/uploads\/2025\/10\/analitics.webp"},{"@type":"BreadcrumbList","@id":"https:\/\/www.alexmultimedia.es\/marketing-digital-profesional\/#breadcrumb","itemListElement":[{"@type":"ListItem","position":1,"name":"Portada","item":"https:\/\/www.alexmultimedia.es\/"},{"@type":"ListItem","position":2,"name":"Marketing Digital a medida"}]},{"@type":"WebSite","@id":"https:\/\/www.alexmultimedia.es\/#website","url":"https:\/\/www.alexmultimedia.es\/","name":"Alexmultimedia","description":"Alexmultimedia","publisher":{"@id":"https:\/\/www.alexmultimedia.es\/#organization"},"potentialAction":[{"@type":"SearchAction","target":{"@type":"EntryPoint","urlTemplate":"https:\/\/www.alexmultimedia.es\/?s={search_term_string}"},"query-input":{"@type":"PropertyValueSpecification","valueRequired":true,"valueName":"search_term_string"}}],"inLanguage":"ca"},{"@type":"Organization","@id":"https:\/\/www.alexmultimedia.es\/#organization","name":"Alexmultimedia","url":"https:\/\/www.alexmultimedia.es\/","logo":{"@type":"ImageObject","inLanguage":"ca","@id":"https:\/\/www.alexmultimedia.es\/#\/schema\/logo\/image\/","url":"https:\/\/www.alexmultimedia.es\/wp-content\/uploads\/2025\/10\/cropped-logo-dark_BIG.png","contentUrl":"https:\/\/www.alexmultimedia.es\/wp-content\/uploads\/2025\/10\/cropped-logo-dark_BIG.png","width":960,"height":363,"caption":"Alexmultimedia"},"image":{"@id":"https:\/\/www.alexmultimedia.es\/#\/schema\/logo\/image\/"}}]}},"uagb_featured_image_src":{"full":false,"thumbnail":false,"medium":false,"medium_large":false,"large":false,"1536x1536":false,"2048x2048":false,"trp-custom-language-flag":false},"uagb_author_info":{"display_name":"dzwngaknr6z2","author_link":"https:\/\/www.alexmultimedia.es\/ca\/author\/dzwngaknr6z2\/"},"uagb_comment_info":0,"uagb_excerpt":"Marketing Digital a medida Transformando Estrategias: Marketing Digital Avanzado a medida Bienvenidos a ALEXMULTIMEDIA, especialistas en&nbsp;marketing digital personalizado. Con una [&hellip;]","_links":{"self":[{"href":"https:\/\/www.alexmultimedia.es\/ca\/wp-json\/wp\/v2\/pages\/629","targetHints":{"allow":["GET"]}}],"collection":[{"href":"https:\/\/www.alexmultimedia.es\/ca\/wp-json\/wp\/v2\/pages"}],"about":[{"href":"https:\/\/www.alexmultimedia.es\/ca\/wp-json\/wp\/v2\/types\/page"}],"author":[{"embeddable":true,"href":"https:\/\/www.alexmultimedia.es\/ca\/wp-json\/wp\/v2\/users\/4"}],"replies":[{"embeddable":true,"href":"https:\/\/www.alexmultimedia.es\/ca\/wp-json\/wp\/v2\/comments?post=629"}],"version-history":[{"count":6,"href":"https:\/\/www.alexmultimedia.es\/ca\/wp-json\/wp\/v2\/pages\/629\/revisions"}],"predecessor-version":[{"id":894,"href":"https:\/\/www.alexmultimedia.es\/ca\/wp-json\/wp\/v2\/pages\/629\/revisions\/894"}],"wp:attachment":[{"href":"https:\/\/www.alexmultimedia.es\/ca\/wp-json\/wp\/v2\/media?parent=629"}],"curies":[{"name":"wp","href":"https:\/\/api.w.org\/{rel}","templated":true}]}}