{"id":685,"date":"2025-10-30T08:40:48","date_gmt":"2025-10-30T08:40:48","guid":{"rendered":"https:\/\/www.alexmultimedia.es\/?page_id=685"},"modified":"2025-11-21T12:08:02","modified_gmt":"2025-11-21T12:08:02","slug":"automatizacion-redes-sociales-ia","status":"publish","type":"page","link":"https:\/\/www.alexmultimedia.es\/ca\/automatizacion-redes-sociales-ia\/","title":{"rendered":"Automatitzaci\u00f3 de xarxes socials amb IA"},"content":{"rendered":"<div class=\"wp-block-uagb-container uagb-block-dde5c922 alignfull uagb-is-root-container\">\n<div class=\"wp-block-uagb-container uagb-block-b618de5d\">\n<div class=\"wp-block-uagb-advanced-heading uagb-block-1d772575\"><h1 class=\"uagb-heading-text\">Automatitzaci\u00f3 de xarxes socials amb IA<br><\/h1><\/div>\n<\/div>\n<\/div>\n\n\n\n<div class=\"wp-block-uagb-container uagb-block-4b0b8f05 alignfull uagb-is-root-container\"><div class=\"uagb-container-inner-blocks-wrap\">\n<div class=\"wp-block-uagb-advanced-heading uagb-block-ab53c455\"><h2 class=\"uagb-heading-text\">Per qu\u00e8 automatitzar les xarxes socials amb MAKE?<\/h2><p class=\"uagb-desc-text\">La visibilitat en xarxes socials \u00e9s clau, per\u00f2 consumeix temps. AlexMultimedia usa MAKE per a oferir una automatitzaci\u00f3 intel\u00b7ligent i personalitzada que maneja publicacions, interaccions i an\u00e0lisis. Aix\u00f2 augmenta el seu abast i li permet concentrar-se en l'\u00e8xit de la seva empresa.<\/p><\/div>\n\n\n\n<div class=\"wp-block-uagb-container uagb-layout-flex uagb-block-9286c5ad\">\n<div class=\"wp-block-uagb-container uagb-block-b6ad80b7\">\n<div class=\"wp-block-uagb-info-box uagb-block-db3dcad8 uagb-infobox__content-wrap  uagb-infobox-icon-above-title uagb-infobox-image-valign-top\"><div class=\"uagb-ifb-content\"><div class=\"uagb-ifb-title-wrap\"><h3 class=\"uagb-ifb-title-prefix\">RRSS amb MAKE: Efici\u00e8ncia i \u00c8xit<\/h3><p class=\"uagb-ifb-title translation-block\">En <strong>AlexMultimedia<\/strong>, resolem la complexitat de les xarxes socials automatitzant els seus processos amb l'eina <strong>MAKE<\/strong> (una plataforma sense codi), la qual cosa li permet guanyar visibilitat i efic\u00e0cia sense esfor\u00e7 manual. Implementem fluxos de treball intel\u00b7ligents per a la <strong>publicaci\u00f3 peri\u00f2dica, la resposta autom\u00e0tica a interaccions i la generaci\u00f3 d'informes detallats<\/strong>, assegurant que el seu contingut arribi al p\u00fablic adequat i maximitzi la notorietat de marca. En delegar aquestes tasques a MAKE, vost\u00e8 <strong>estalvia temps valu\u00f3s<\/strong> per a concentrar-se en el creixement de la seva empresa; per aix\u00f2, li oferim una <strong>auditoria inicial<\/strong> per a identificar processos automatitzables amb IA i calcular l'estalvi potencial.<\/p><\/div><\/div><\/div>\n<\/div>\n\n\n\n<figure class=\"wp-block-embed alignwide is-type-video is-provider-youtube wp-block-embed-youtube wp-embed-aspect-16-9 wp-has-aspect-ratio\" style=\"margin-top:var(--wp--preset--spacing--80);margin-bottom:var(--wp--preset--spacing--80)\"><div class=\"wp-block-embed__wrapper\">\n<iframe loading=\"lazy\" title=\"Automate Your Social Strategy: Make &amp; AI\" width=\"500\" height=\"281\" src=\"https:\/\/www.youtube.com\/embed\/-xLc8yz9d0E?feature=oembed\" frameborder=\"0\" allow=\"accelerometer; autoplay; clipboard-write; encrypted-media; gyroscope; picture-in-picture; web-share\" referrerpolicy=\"strict-origin-when-cross-origin\" allowfullscreen><\/iframe>\n<\/div><\/figure>\n<\/div>\n\n\n\n<div class=\"wp-block-uagb-container uagb-layout-flex uagb-block-cebb2fc1\">\n<div class=\"wp-block-group is-nowrap is-layout-flex wp-container-core-group-is-layout-6c531013 wp-block-group-is-layout-flex\">\n<figure class=\"wp-block-image size-full has-custom-border uag-hide-tab uag-hide-mob\" style=\"margin-top:90px;margin-bottom:90px\"><img loading=\"lazy\" decoding=\"async\" width=\"614\" height=\"406\" src=\"https:\/\/www.alexmultimedia.es\/wp-content\/uploads\/2025\/10\/ia-rrss-removebg-preview.png\" alt=\"ia rrss removebg preview\" class=\"has-border-color has-ast-global-color-1-border-color wp-image-692\" style=\"border-width:1px;border-radius:20px;box-shadow:var(--wp--preset--shadow--sharp)\" srcset=\"https:\/\/www.alexmultimedia.es\/wp-content\/uploads\/2025\/10\/ia-rrss-removebg-preview.png 614w, https:\/\/www.alexmultimedia.es\/wp-content\/uploads\/2025\/10\/ia-rrss-removebg-preview-300x198.png 300w\" sizes=\"auto, (max-width: 614px) 100vw, 614px\" \/><\/figure>\n\n\n\n<div class=\"wp-block-uagb-container uagb-block-fcfeb657\">\n<div class=\"wp-block-uagb-info-box uagb-block-62e38cdd uagb-infobox__content-wrap  uagb-infobox-icon-above-title uagb-infobox-image-valign-top\"><div class=\"uagb-ifb-content\"><div class=\"uagb-ifb-title-wrap\"><h3 class=\"uagb-ifb-title-prefix\">El Proc\u00e9s en 3 Passos<\/h3><p class=\"uagb-ifb-title translation-block\"><br>1. <strong>An\u00e0lisi i Estrat\u00e8gia:<\/strong> Analitzem les seves activitats, p\u00fablic objectiu i processos actuals per a identificar les \u00e0rees amb major potencial d'automatitzaci\u00f3.<br>2. <strong>Automatitzaci\u00f3 amb MAKE:<\/strong> Desenvolupem fluxos de treball intel\u00b7ligents i personalitzats per a automatitzar tasques clau (publicaci\u00f3, seguiment d'esments i informes).<br>3. <strong>Optimitzaci\u00f3 i Creixement:<\/strong> Supervisem cont\u00ednuament el rendiment de l'automatitzaci\u00f3 i l'optimitzem, assegurant el m\u00e0xim benefici sense esfor\u00e7 manual per part seva.<\/p><\/div><\/div><\/div>\n<\/div>\n<\/div>\n<\/div>\n<\/div><\/div>\n\n\n\n<div class=\"wp-block-uagb-container uagb-layout-flex uagb-block-2e123afa alignfull uagb-is-root-container\"><div class=\"uagb-container-inner-blocks-wrap\">\n<div class=\"wp-block-uagb-container uagb-block-ce021846\"><\/div>\n\n\n\n<div class=\"wp-block-uagb-container uagb-block-870835a5\"><\/div>\n<\/div><\/div>\n\n\n\n<div class=\"wp-block-uagb-container uagb-block-3cd8a716 alignfull uagb-is-root-container\"><div class=\"uagb-container-inner-blocks-wrap\">\n<div class=\"wp-block-uagb-advanced-heading uagb-block-56b33e2c\"><h2 class=\"uagb-heading-text\">Avantatges de l'Automatitzaci\u00f3 IA en RRSS<\/h2><\/div>\n\n\n\n<div class=\"wp-block-uagb-container uagb-block-01cd7930\">\n<p class=\"translation-block\">La gesti\u00f3 manual de xarxes socials consumeix temps i recursos, la qual cosa \u00e9s un desafiament en l'era digital. Per a solucionar-ho, oferim solucions d'automatitzaci\u00f3 <strong> amb IA i la plataforma MAKE<\/strong>, que organitzen les seves activitats i augmenten el <em>engagement<\/em>.<\/p>\n\n\n\n<p class=\"translation-block\">Mitjan\u00e7ant <strong>fluxos de treball personalitzats<\/strong>, vost\u00e8 guanya temps per a l'estrat\u00e8gia mentre assegura una <strong>pres\u00e8ncia de marca coherent<\/strong> i la publicaci\u00f3 de contingut planificat. Aix\u00f2 es tradueix en:<\/p>\n\n\n\n<ul class=\"wp-block-list\">\n<li class=\"translation-block\"><strong>Estalvi de temps<\/strong> en eliminar la publicaci\u00f3 manual.<\/li>\n\n\n\n<li class=\"translation-block\"><strong>Consist\u00e8ncia<\/strong> amb publicacions regulars i programades.<\/li>\n\n\n\n<li class=\"translation-block\"><strong>Major comprom\u00eds<\/strong> gr\u00e0cies a respostes r\u00e0pides automatitzades.<\/li>\n<\/ul>\n\n\n\n<p style=\"margin-top:var(--wp--preset--spacing--50);margin-bottom:var(--wp--preset--spacing--50)\" class=\"translation-block\">Els fluxos de treball populars amb MAKE inclouen la <strong>publicaci\u00f3 multiplataforma i programada<\/strong>, el <strong>seguiment d'esments i etiquetes<\/strong>, la <strong>resposta autom\u00e0tica a interaccions<\/strong> i els <strong>informes de rendiment<\/strong> enviats directament. Aix\u00f2 eleva la gesti\u00f3 de les seves xarxes socials i enforteix la seva marca a llarg termini.<\/p>\n<\/div>\n<\/div><\/div>\n\n\n\n<h2 class=\"wp-block-heading\">Cas pr\u00e0ctic: Com automatitzem les xarxes socials en AlexMultimedia<\/h2>\n\n\n\n<p class=\"translation-block\">Cada empresa s'enfronta a reptes individuals en el sector de les xarxes socials. Algunes lluiten amb publicacions irregulars, unes altres amb un comprom\u00eds inefica\u00e7 o amb la laboriosa an\u00e0lisi de les dades de rendiment. Aqu\u00ed vam mostrar com una\u00a0<strong>soluci\u00f3 d'automatitzaci\u00f3 personalitzada amb MAKE pot ajudar a optimitzar l'estrat\u00e8gia en les xarxes socials<\/strong>\u00a0i estalviar valuosos recursos.<\/p>\n\n\n\n<p><strong>El problema:<\/strong><\/p>\n\n\n\n<p>La publicaci\u00f3 manual i la gesti\u00f3 de la comunitat consumeixen molt temps, la qual cosa sovint condueix a una participaci\u00f3 inefica\u00e7 i a un baix abast.<\/p>\n\n\n\n<p><strong>Soluci\u00f3:<\/strong><\/p>\n\n\n\n<p>Desenvolupem una estrat\u00e8gia personalitzada basada en IA amb MAKE que automatitza la publicaci\u00f3, el seguiment d'etiquetes i l'an\u00e0lisi del rendiment.<\/p>\n\n\n\n<p><strong>Resultat:<\/strong><\/p>\n\n\n\n<p>Un 80% menys d'esfor\u00e7, un 40% m\u00e9s de participaci\u00f3 i un major abast gr\u00e0cies a la sincronitzaci\u00f3 de publicacions basada en dades.<\/p>\n\n\n\n<div style=\"height:50px\" aria-hidden=\"true\" class=\"wp-block-spacer\"><\/div>\n\n\n\n<h2 class=\"wp-block-heading\">El seg\u00fcent pas cap a l'automatitzaci\u00f3 de les xarxes socials<\/h2>\n\n\n\n<p class=\"translation-block\">Les xarxes socials s\u00f3n una poderosa eina per al creixement del seu negoci, per\u00f2 l'estrat\u00e8gia i la implementaci\u00f3 adequades requereixen temps i recursos.\u00a0<strong>Amb la nostra soluci\u00f3 d'automatitzaci\u00f3, pot centrar-se en l'essencial mentre nosaltres ens ocupem de la resta.<\/strong>\u00a0MAKE optimitza els seus processos, augmenta el seu abast i impulsa el comprom\u00eds, sense cap esfor\u00e7 manual.<\/p>\n\n\n\n<p><strong>Permeti'ns transformar les seves xarxes socials: efici\u00e8ncia, estalvi de temps i creixement.<\/strong><\/p>\n\n\n\n<div style=\"height:50px\" aria-hidden=\"true\" class=\"wp-block-spacer\"><\/div>\n\n\n\n<div class=\"wp-block-uagb-container uagb-block-d7b60fd6 alignfull uagb-is-root-container\"><div class=\"uagb-container-inner-blocks-wrap\">\n<div class=\"wp-block-uagb-info-box uagb-block-6fdc34d4 uagb-infobox__content-wrap  uagb-infobox-icon-above-title uagb-infobox-image-valign-top\"><div class=\"uagb-ifb-content\"><div class=\"uagb-ifb-title-wrap\"><h2 class=\"uagb-ifb-title\">Transforma el teu negoci amb nosaltres avui!<\/h2><\/div><p class=\"uagb-ifb-desc\">En Alexmultimedia, estem dedicats a oferir disseny web de qualitat per a empreses a Barcelona, adaptant-nos a les teves necessitats espec\u00edfiques.<\/p><div class=\"uagb-ifb-button-wrapper wp-block-button\"><a href=\"\/ca\/contacto\/\" class=\"uagb-infobox-cta-link wp-block-button__link\" target=\"_self\" rel=\"noopener noreferrer\" onclick=\"return true;\"><span class=\"uagb-inline-editing\">Sol\u00b7licita pressupost<\/span><\/a><\/div><\/div><\/div>\n<\/div><\/div>\n\n\n\n<div class=\"wp-block-uagb-container uagb-block-c07745c5 alignfull uagb-is-root-container\"><div class=\"uagb-container-inner-blocks-wrap\">\n<div class=\"wp-block-uagb-container uagb-block-66fc2ef0\">\n<div class=\"wp-block-uagb-info-box uagb-block-beb6dd26 uagb-infobox__content-wrap  uagb-infobox-icon-above-title uagb-infobox-image-valign-top\"><div class=\"uagb-ifb-content\"><div class=\"uagb-ifb-title-wrap\"><h3 class=\"uagb-ifb-title\"><br>Contacta'ns<\/h3><\/div><p class=\"uagb-ifb-desc\"><strong>Carrer Concili de Trento 78<\/strong> 08018, <strong>BARCELONA<\/strong><br><strong>Carretera Sant Gregori 107<\/strong> 17007, <strong>GIRONA<\/strong><br><strong>+34 671 84 27 07<\/strong><br>info@alexmultimedia..es<\/p><\/div><\/div>\n<\/div>\n\n\n\n<div class=\"wp-block-uagb-container uagb-block-7c39c5e0\">\n<div class=\"wp-block-uagb-info-box uagb-block-a17ed88a uagb-infobox__content-wrap  uagb-infobox-icon-above-title uagb-infobox-image-valign-top\"><div class=\"uagb-ifb-content\"><div class=\"uagb-ifb-title-wrap\"><h3 class=\"uagb-ifb-title\">Aspecte Legal<\/h3><\/div><p class=\"uagb-ifb-desc\"><a href=\"https:\/\/www.alexmultimedia.es\/ca\/aviso-legal\/\" data-type=\"page\" data-id=\"778\">Av\u00eds Legal <\/a><br><a href=\"\/ca\/proteccion-datos\/\" data-type=\"page\" data-id=\"789\">Pol\u00edtica de Protecci\u00f3 de Dades<\/a><br><a href=\"https:\/\/www.alexmultimedia.es\/ca\/politica-cookies\/\" data-type=\"page\" data-id=\"792\">Pol\u00edtica de Cookies<\/a><\/p><\/div><\/div>\n<\/div>\n\n\n\n<div class=\"wp-block-uagb-container uagb-block-1a34e130\">\n<div class=\"wp-block-uagb-info-box uagb-block-7f66c0c4 uagb-infobox__content-wrap  uagb-infobox-icon-above-title uagb-infobox-image-valign-top\"><div class=\"uagb-ifb-content\"><div class=\"uagb-ifb-title-wrap\"><h3 class=\"uagb-ifb-title\">Enlla\u00e7os rellevants<\/h3><\/div><p class=\"uagb-ifb-desc\"><a href=\"\/ca\/paginas-web-a-medida-en-barcelona\/\">P\u00e0gines Web a Mesura<\/a><br><a href=\"\/ca\/posicionamiento-natural-organico\/\">Posicionament Natural<\/a><br><a href=\"\/ca\/diseno-web-drupal-profesional\/\">Disseny web Professional WordPress<\/a><\/p><\/div><\/div>\n<\/div>\n<\/div><\/div>","protected":false},"excerpt":{"rendered":"<p>Automatizaci\u00f3n de redes sociales con IA \u00bfPor qu\u00e9 automatizar las redes sociales con MAKE? La visibilidad en redes sociales es [&hellip;]<\/p>\n","protected":false},"author":4,"featured_media":0,"parent":0,"menu_order":0,"comment_status":"closed","ping_status":"closed","template":"","meta":{"_uag_custom_page_level_css":"","site-sidebar-layout":"default","site-content-layout":"","ast-site-content-layout":"default","site-content-style":"default","site-sidebar-style":"default","ast-global-header-display":"","ast-banner-title-visibility":"","ast-main-header-display":"","ast-hfb-above-header-display":"","ast-hfb-below-header-display":"","ast-hfb-mobile-header-display":"","site-post-title":"disabled","ast-breadcrumbs-content":"","ast-featured-img":"","footer-sml-layout":"","ast-disable-related-posts":"","theme-transparent-header-meta":"","adv-header-id-meta":"","stick-header-meta":"","header-above-stick-meta":"","header-main-stick-meta":"","header-below-stick-meta":"","astra-migrate-meta-layouts":"default","ast-page-background-enabled":"default","ast-page-background-meta":{"desktop":{"background-color":"var(--ast-global-color-4)","background-image":"","background-repeat":"repeat","background-position":"center center","background-size":"auto","background-attachment":"scroll","background-type":"","background-media":"","overlay-type":"","overlay-color":"","overlay-opacity":"","overlay-gradient":""},"tablet":{"background-color":"","background-image":"","background-repeat":"repeat","background-position":"center center","background-size":"auto","background-attachment":"scroll","background-type":"","background-media":"","overlay-type":"","overlay-color":"","overlay-opacity":"","overlay-gradient":""},"mobile":{"background-color":"","background-image":"","background-repeat":"repeat","background-position":"center center","background-size":"auto","background-attachment":"scroll","background-type":"","background-media":"","overlay-type":"","overlay-color":"","overlay-opacity":"","overlay-gradient":""}},"ast-content-background-meta":{"desktop":{"background-color":"var(--ast-global-color-5)","background-image":"","background-repeat":"repeat","background-position":"center center","background-size":"auto","background-attachment":"scroll","background-type":"","background-media":"","overlay-type":"","overlay-color":"","overlay-opacity":"","overlay-gradient":""},"tablet":{"background-color":"var(--ast-global-color-5)","background-image":"","background-repeat":"repeat","background-position":"center center","background-size":"auto","background-attachment":"scroll","background-type":"","background-media":"","overlay-type":"","overlay-color":"","overlay-opacity":"","overlay-gradient":""},"mobile":{"background-color":"var(--ast-global-color-5)","background-image":"","background-repeat":"repeat","background-position":"center center","background-size":"auto","background-attachment":"scroll","background-type":"","background-media":"","overlay-type":"","overlay-color":"","overlay-opacity":"","overlay-gradient":""}},"footnotes":""},"class_list":["post-685","page","type-page","status-publish","hentry"],"yoast_head":"<!-- This site is optimized with the Yoast SEO plugin v27.3 - https:\/\/yoast.com\/product\/yoast-seo-wordpress\/ -->\n<title>Automatizaci\u00f3n de redes sociales con IA - ALEXMULTIMEDIA<\/title>\n<meta name=\"description\" content=\"Automatiza tus redes sociales con IA y ahorra horas de trabajo. Descubre c\u00f3mo impulsar tu marca hoy mismo: Cont\u00e1ctanos para Presu\" \/>\n<meta name=\"robots\" content=\"index, follow, max-snippet:-1, max-image-preview:large, max-video-preview:-1\" \/>\n<link rel=\"canonical\" href=\"https:\/\/www.alexmultimedia.es\/ca\/automatizacion-redes-sociales-ia\/\" \/>\n<meta property=\"og:locale\" content=\"ca_ES\" \/>\n<meta property=\"og:type\" content=\"article\" \/>\n<meta property=\"og:title\" content=\"Automatizaci\u00f3n de redes sociales con IA - ALEXMULTIMEDIA\" \/>\n<meta property=\"og:description\" content=\"Automatiza tus redes sociales con IA y ahorra horas de trabajo. Descubre c\u00f3mo impulsar tu marca hoy mismo: Cont\u00e1ctanos para Presu\" \/>\n<meta property=\"og:url\" content=\"https:\/\/www.alexmultimedia.es\/ca\/automatizacion-redes-sociales-ia\/\" \/>\n<meta property=\"og:site_name\" content=\"Alexmultimedia\" \/>\n<meta property=\"article:modified_time\" content=\"2025-11-21T12:08:02+00:00\" \/>\n<meta property=\"og:image\" content=\"https:\/\/www.alexmultimedia.es\/wp-content\/uploads\/2025\/10\/ia-rrss-removebg-preview.png\" \/>\n\t<meta property=\"og:image:width\" content=\"614\" \/>\n\t<meta property=\"og:image:height\" content=\"406\" \/>\n\t<meta property=\"og:image:type\" content=\"image\/png\" \/>\n<meta name=\"twitter:card\" content=\"summary_large_image\" \/>\n<script type=\"application\/ld+json\" class=\"yoast-schema-graph\">{\"@context\":\"https:\\\/\\\/schema.org\",\"@graph\":[{\"@type\":\"WebPage\",\"@id\":\"https:\\\/\\\/www.alexmultimedia.es\\\/automatizacion-redes-sociales-ia\\\/\",\"url\":\"https:\\\/\\\/www.alexmultimedia.es\\\/automatizacion-redes-sociales-ia\\\/\",\"name\":\"Automatizaci\u00f3n de redes sociales con IA - ALEXMULTIMEDIA\",\"isPartOf\":{\"@id\":\"https:\\\/\\\/www.alexmultimedia.es\\\/#website\"},\"primaryImageOfPage\":{\"@id\":\"https:\\\/\\\/www.alexmultimedia.es\\\/automatizacion-redes-sociales-ia\\\/#primaryimage\"},\"image\":{\"@id\":\"https:\\\/\\\/www.alexmultimedia.es\\\/automatizacion-redes-sociales-ia\\\/#primaryimage\"},\"thumbnailUrl\":\"https:\\\/\\\/www.alexmultimedia.es\\\/wp-content\\\/uploads\\\/2025\\\/10\\\/ia-rrss-removebg-preview.png\",\"datePublished\":\"2025-10-30T08:40:48+00:00\",\"dateModified\":\"2025-11-21T12:08:02+00:00\",\"description\":\"Automatiza tus redes sociales con IA y ahorra horas de trabajo. Descubre c\u00f3mo impulsar tu marca hoy mismo: Cont\u00e1ctanos para Presu\",\"breadcrumb\":{\"@id\":\"https:\\\/\\\/www.alexmultimedia.es\\\/automatizacion-redes-sociales-ia\\\/#breadcrumb\"},\"inLanguage\":\"ca\",\"potentialAction\":[{\"@type\":\"ReadAction\",\"target\":[\"https:\\\/\\\/www.alexmultimedia.es\\\/automatizacion-redes-sociales-ia\\\/\"]}]},{\"@type\":\"ImageObject\",\"inLanguage\":\"ca\",\"@id\":\"https:\\\/\\\/www.alexmultimedia.es\\\/automatizacion-redes-sociales-ia\\\/#primaryimage\",\"url\":\"https:\\\/\\\/www.alexmultimedia.es\\\/wp-content\\\/uploads\\\/2025\\\/10\\\/ia-rrss-removebg-preview.png\",\"contentUrl\":\"https:\\\/\\\/www.alexmultimedia.es\\\/wp-content\\\/uploads\\\/2025\\\/10\\\/ia-rrss-removebg-preview.png\"},{\"@type\":\"BreadcrumbList\",\"@id\":\"https:\\\/\\\/www.alexmultimedia.es\\\/automatizacion-redes-sociales-ia\\\/#breadcrumb\",\"itemListElement\":[{\"@type\":\"ListItem\",\"position\":1,\"name\":\"Portada\",\"item\":\"https:\\\/\\\/www.alexmultimedia.es\\\/\"},{\"@type\":\"ListItem\",\"position\":2,\"name\":\"Automatizaci\u00f3n de redes sociales con IA\"}]},{\"@type\":\"WebSite\",\"@id\":\"https:\\\/\\\/www.alexmultimedia.es\\\/#website\",\"url\":\"https:\\\/\\\/www.alexmultimedia.es\\\/\",\"name\":\"Alexmultimedia\",\"description\":\"Alexmultimedia\",\"publisher\":{\"@id\":\"https:\\\/\\\/www.alexmultimedia.es\\\/#organization\"},\"potentialAction\":[{\"@type\":\"SearchAction\",\"target\":{\"@type\":\"EntryPoint\",\"urlTemplate\":\"https:\\\/\\\/www.alexmultimedia.es\\\/?s={search_term_string}\"},\"query-input\":{\"@type\":\"PropertyValueSpecification\",\"valueRequired\":true,\"valueName\":\"search_term_string\"}}],\"inLanguage\":\"ca\"},{\"@type\":\"Organization\",\"@id\":\"https:\\\/\\\/www.alexmultimedia.es\\\/#organization\",\"name\":\"Alexmultimedia\",\"url\":\"https:\\\/\\\/www.alexmultimedia.es\\\/\",\"logo\":{\"@type\":\"ImageObject\",\"inLanguage\":\"ca\",\"@id\":\"https:\\\/\\\/www.alexmultimedia.es\\\/#\\\/schema\\\/logo\\\/image\\\/\",\"url\":\"https:\\\/\\\/www.alexmultimedia.es\\\/wp-content\\\/uploads\\\/2025\\\/10\\\/cropped-logo-dark_BIG.png\",\"contentUrl\":\"https:\\\/\\\/www.alexmultimedia.es\\\/wp-content\\\/uploads\\\/2025\\\/10\\\/cropped-logo-dark_BIG.png\",\"width\":960,\"height\":363,\"caption\":\"Alexmultimedia\"},\"image\":{\"@id\":\"https:\\\/\\\/www.alexmultimedia.es\\\/#\\\/schema\\\/logo\\\/image\\\/\"}}]}<\/script>\n<!-- \/ Yoast SEO plugin. -->","yoast_head_json":{"title":"Automatizaci\u00f3n de redes sociales con IA - ALEXMULTIMEDIA","description":"Automatiza tus redes sociales con IA y ahorra horas de trabajo. Descubre c\u00f3mo impulsar tu marca hoy mismo: Cont\u00e1ctanos para Presu","robots":{"index":"index","follow":"follow","max-snippet":"max-snippet:-1","max-image-preview":"max-image-preview:large","max-video-preview":"max-video-preview:-1"},"canonical":"https:\/\/www.alexmultimedia.es\/ca\/automatizacion-redes-sociales-ia\/","og_locale":"ca_ES","og_type":"article","og_title":"Automatizaci\u00f3n de redes sociales con IA - ALEXMULTIMEDIA","og_description":"Automatiza tus redes sociales con IA y ahorra horas de trabajo. Descubre c\u00f3mo impulsar tu marca hoy mismo: Cont\u00e1ctanos para Presu","og_url":"https:\/\/www.alexmultimedia.es\/ca\/automatizacion-redes-sociales-ia\/","og_site_name":"Alexmultimedia","article_modified_time":"2025-11-21T12:08:02+00:00","og_image":[{"width":614,"height":406,"url":"https:\/\/www.alexmultimedia.es\/wp-content\/uploads\/2025\/10\/ia-rrss-removebg-preview.png","type":"image\/png"}],"twitter_card":"summary_large_image","schema":{"@context":"https:\/\/schema.org","@graph":[{"@type":"WebPage","@id":"https:\/\/www.alexmultimedia.es\/automatizacion-redes-sociales-ia\/","url":"https:\/\/www.alexmultimedia.es\/automatizacion-redes-sociales-ia\/","name":"Automatizaci\u00f3n de redes sociales con IA - ALEXMULTIMEDIA","isPartOf":{"@id":"https:\/\/www.alexmultimedia.es\/#website"},"primaryImageOfPage":{"@id":"https:\/\/www.alexmultimedia.es\/automatizacion-redes-sociales-ia\/#primaryimage"},"image":{"@id":"https:\/\/www.alexmultimedia.es\/automatizacion-redes-sociales-ia\/#primaryimage"},"thumbnailUrl":"https:\/\/www.alexmultimedia.es\/wp-content\/uploads\/2025\/10\/ia-rrss-removebg-preview.png","datePublished":"2025-10-30T08:40:48+00:00","dateModified":"2025-11-21T12:08:02+00:00","description":"Automatiza tus redes sociales con IA y ahorra horas de trabajo. Descubre c\u00f3mo impulsar tu marca hoy mismo: Cont\u00e1ctanos para Presu","breadcrumb":{"@id":"https:\/\/www.alexmultimedia.es\/automatizacion-redes-sociales-ia\/#breadcrumb"},"inLanguage":"ca","potentialAction":[{"@type":"ReadAction","target":["https:\/\/www.alexmultimedia.es\/automatizacion-redes-sociales-ia\/"]}]},{"@type":"ImageObject","inLanguage":"ca","@id":"https:\/\/www.alexmultimedia.es\/automatizacion-redes-sociales-ia\/#primaryimage","url":"https:\/\/www.alexmultimedia.es\/wp-content\/uploads\/2025\/10\/ia-rrss-removebg-preview.png","contentUrl":"https:\/\/www.alexmultimedia.es\/wp-content\/uploads\/2025\/10\/ia-rrss-removebg-preview.png"},{"@type":"BreadcrumbList","@id":"https:\/\/www.alexmultimedia.es\/automatizacion-redes-sociales-ia\/#breadcrumb","itemListElement":[{"@type":"ListItem","position":1,"name":"Portada","item":"https:\/\/www.alexmultimedia.es\/"},{"@type":"ListItem","position":2,"name":"Automatizaci\u00f3n de redes sociales con IA"}]},{"@type":"WebSite","@id":"https:\/\/www.alexmultimedia.es\/#website","url":"https:\/\/www.alexmultimedia.es\/","name":"Alexmultimedia","description":"Alexmultimedia","publisher":{"@id":"https:\/\/www.alexmultimedia.es\/#organization"},"potentialAction":[{"@type":"SearchAction","target":{"@type":"EntryPoint","urlTemplate":"https:\/\/www.alexmultimedia.es\/?s={search_term_string}"},"query-input":{"@type":"PropertyValueSpecification","valueRequired":true,"valueName":"search_term_string"}}],"inLanguage":"ca"},{"@type":"Organization","@id":"https:\/\/www.alexmultimedia.es\/#organization","name":"Alexmultimedia","url":"https:\/\/www.alexmultimedia.es\/","logo":{"@type":"ImageObject","inLanguage":"ca","@id":"https:\/\/www.alexmultimedia.es\/#\/schema\/logo\/image\/","url":"https:\/\/www.alexmultimedia.es\/wp-content\/uploads\/2025\/10\/cropped-logo-dark_BIG.png","contentUrl":"https:\/\/www.alexmultimedia.es\/wp-content\/uploads\/2025\/10\/cropped-logo-dark_BIG.png","width":960,"height":363,"caption":"Alexmultimedia"},"image":{"@id":"https:\/\/www.alexmultimedia.es\/#\/schema\/logo\/image\/"}}]}},"uagb_featured_image_src":{"full":false,"thumbnail":false,"medium":false,"medium_large":false,"large":false,"1536x1536":false,"2048x2048":false,"trp-custom-language-flag":false},"uagb_author_info":{"display_name":"dzwngaknr6z2","author_link":"https:\/\/www.alexmultimedia.es\/ca\/author\/dzwngaknr6z2\/"},"uagb_comment_info":0,"uagb_excerpt":"Automatizaci\u00f3n de redes sociales con IA \u00bfPor qu\u00e9 automatizar las redes sociales con MAKE? La visibilidad en redes sociales es [&hellip;]","_links":{"self":[{"href":"https:\/\/www.alexmultimedia.es\/ca\/wp-json\/wp\/v2\/pages\/685","targetHints":{"allow":["GET"]}}],"collection":[{"href":"https:\/\/www.alexmultimedia.es\/ca\/wp-json\/wp\/v2\/pages"}],"about":[{"href":"https:\/\/www.alexmultimedia.es\/ca\/wp-json\/wp\/v2\/types\/page"}],"author":[{"embeddable":true,"href":"https:\/\/www.alexmultimedia.es\/ca\/wp-json\/wp\/v2\/users\/4"}],"replies":[{"embeddable":true,"href":"https:\/\/www.alexmultimedia.es\/ca\/wp-json\/wp\/v2\/comments?post=685"}],"version-history":[{"count":9,"href":"https:\/\/www.alexmultimedia.es\/ca\/wp-json\/wp\/v2\/pages\/685\/revisions"}],"predecessor-version":[{"id":889,"href":"https:\/\/www.alexmultimedia.es\/ca\/wp-json\/wp\/v2\/pages\/685\/revisions\/889"}],"wp:attachment":[{"href":"https:\/\/www.alexmultimedia.es\/ca\/wp-json\/wp\/v2\/media?parent=685"}],"curies":[{"name":"wp","href":"https:\/\/api.w.org\/{rel}","templated":true}]}}