{"id":792,"date":"2025-11-05T09:57:37","date_gmt":"2025-11-05T09:57:37","guid":{"rendered":"https:\/\/www.alexmultimedia.es\/?page_id=792"},"modified":"2025-11-05T09:57:39","modified_gmt":"2025-11-05T09:57:39","slug":"politica-cookies","status":"publish","type":"page","link":"https:\/\/www.alexmultimedia.es\/ca\/politica-cookies\/","title":{"rendered":"Politica de Cookies"},"content":{"rendered":"<div class=\"wp-block-uagb-container uagb-block-dde5c922 alignfull uagb-is-root-container\">\n<h1 class=\"wp-block-heading has-text-align-center has-ast-global-color-5-color has-text-color has-link-color wp-elements-60308a74f8da9cc0d791d5f73e4d9845\" style=\"margin-top:var(--wp--preset--spacing--80);margin-right:0;margin-bottom:var(--wp--preset--spacing--80);margin-left:0\">Politica de Cookies<\/h1>\n<\/div>\n\n\n\n<div style=\"height:50px\" aria-hidden=\"true\" class=\"wp-block-spacer\"><\/div>\n\n\n\n<h3 class=\"wp-block-heading\">POL\u00cdTICA DE COOKIES<\/h3>\n\n\n\n<p>\u2013 07 de junio de 2023<\/p>\n\n\n\n<p>En cumplimiento con lo dispuesto en el art\u00edculo 22.2 de la Ley 34\/2002, de 11 de julio, de Servicios de la Sociedad de la Informaci\u00f3n y de E-commerce, este Sitio web lo informa, en esta secci\u00f3n, sobre la pol\u00edtica de recogida y tratamiento de cookies.<\/p>\n\n\n\n<p><strong>Qu\u00e9 son las Cookies?<\/strong><\/p>\n\n\n\n<p>Las cookies son peque\u00f1os ficheros de texto que algunos servidores guardan en nuestro disco duro con nuestro consentimiento, y que contiene informaci\u00f3n sobre el que hemos estado haciendo en sus p\u00e1ginas (tiempos de permanencia en una determinada pantalla, obtenci\u00f3n de informaci\u00f3n espec\u00edfica sobre un determinado producto, etc.\u2026) La gran mayor\u00eda de las cookies tiene fecha de caducidad, que puede oscilar desde el tiempo que dure la sesi\u00f3n hasta una fecha futura especificada, a partir de la cual dejan de ser operativa.<\/p>\n\n\n\n<p><strong>1. Las cookies que utiliza este Sitio web<\/strong><\/p>\n\n\n\n<p>Las cookies empleadas en este Sitio web se asocian \u00fanicamente con un usuario an\u00f3nimo y su ordenador, no proporcionan referencias que permitan deducir el nombre y apellidos del usuario y no pueden leer datos de su disco duro ni incluir virus en sus textos. Nuestro Sitio web tampoco puede leer las cookies implantadas en el disco duro del Usuario desde otros servidores.<\/p>\n\n\n\n<p>El usuario puede libremente decidir sobre la implantaci\u00f3n o no en su disco duro de las cookies empleadas en nuestro Sitio web. En este sentido, el usuario puede configurar su navegador para aceptar o rechazar por defecto todas las cookies o para recibir un aviso en pantalla de la recepci\u00f3n de cada cookie y decidir en este momento su implantaci\u00f3n o no en su disco duro. Para lo cual, recomendamos consultar la secci\u00f3n de ayuda de su navegador para saber c\u00f3mo cambiar la configuraci\u00f3n que actualmente emplea.<\/p>\n\n\n\n<p>Como usuario, usted tiene el derecho de rechazar todas las cookies o permitir que funcionen solo las que considere necesarias, y podr\u00e1 navegar normalmente por nuestro Sitio web, con el \u00fanico inconveniente de no poder disfrutar de ciertas funcionalidades que requieran la instalaci\u00f3n de alguna cookie en su servidor. En cualquier caso, el Usuario podr\u00e1 eliminar las cookies implantadas en su disco duro en cualquier momento, siguiendo el procedimiento establecido en la secci\u00f3n de ayuda de su navegador y que posteriormente detallaremos.<\/p>\n\n\n\n<p>Seg\u00fan los t\u00e9rminos incluidos en el art\u00edculo 22.2 de la Ley 34\/2002 de Servicios de la Sociedad de la Informaci\u00f3n y E-commerce, si usted decide continuar navegando con todas las cookies habilitadas, estar\u00e1 prestando su consentimiento para el uso de las cookies que detallamos a continuaci\u00f3n.<\/p>\n\n\n\n<p>Las cookies de este Sitio web ayudan a:<\/p>\n\n\n\n<p>\u2022 Hacer que este Sitio web funcione correctamente;<\/p>\n\n\n\n<p>\u2022 Permitir visualizar videos u otros recursos multimedia;<\/p>\n\n\n\n<p>\u2022 Mejorar la velocidad \/ seguridad del Sitio web;<\/p>\n\n\n\n<p>\u2022 Poder compartir p\u00e1ginas con sus redes sociales;<\/p>\n\n\n\n<p>\u2022 Guardar contrase\u00f1as de usuarios para futuras visitas.<\/p>\n\n\n\n<p>No utilizamos nunca cookies para:<\/p>\n\n\n\n<p>\u2022 Recoger informaci\u00f3n de identificaci\u00f3n personal (sin su consentimiento expreso);<\/p>\n\n\n\n<p>\u2022 Recoger informaci\u00f3n sensible (sin su consentimiento expreso);<\/p>\n\n\n\n<p>\u2022 Compartir datos de identificaci\u00f3n personal a terceros.<\/p>\n\n\n\n<p><strong>2. Cookies de terceros que utilizamos en este Sitio web y que tiene que conocer<\/strong><\/p>\n\n\n\n<p>Este Sitio web, como la gran mayor\u00eda de los Sitios web, incluye funcionalidades proporcionadas por terceros.<\/p>\n\n\n\n<p>Tambi\u00e9n se ponen a prueba regularmente nuevos dise\u00f1os o servicios de terceros para recomendaciones e informes.<\/p>\n\n\n\n<p>Esto puede modificar ocasionalmente la configuraci\u00f3n de cookies y que aparezcan cookies no detalladas en la presente pol\u00edtica. Es importante informarlo que se tratan de cookies provisionales que no siempre es posible informar y que solo tienen finalidades de estudio y valoraci\u00f3n. En ning\u00fan caso se utilizar\u00e1n cookies que comprometan su privacidad.<\/p>\n\n\n\n<p>A continuaci\u00f3n, y seg\u00fan exige el art\u00edculo 22.2 de la LSSI se detallan las cookies que pueden instalarse habitualmente durante la navegaci\u00f3n por este Sitio web:<\/p>\n\n\n\n<figure class=\"wp-block-table\"><table class=\"has-fixed-layout\"><tbody><tr><th>NOMBRE<\/th><th>DURACI\u00d3N<\/th><th>FINALIDAD<\/th><\/tr><tr><td>Terceros persistente_ga<\/td><td>2 a\u00f1os a partir de la configuraci\u00f3n<\/td><td>Se usa para distinguir a los usuarios. Es una cookie perteneciendo a Google Analytics. M\u00e1s informaci\u00f3n<\/td><\/tr><tr><td>Terceros persistente_gato<\/td><td>10 minutos<\/td><td>Se usa para saber el ratio de recarga. Es una cookie perteneciendo a Google Analytics. M\u00e1s informaci\u00f3n<\/td><\/tr><tr><td>Terceros persistente__utma<\/td><td>2 a\u00f1os desde cada actualizaci\u00f3n<\/td><td>Esta cookie suele establecerse durante la primera visita. Si la cookie es eliminada manualmente, volver\u00e1 a establecerse en la siguiente visita con un ID nuevo. En la mayor\u00eda de los casos, esta cookie se utiliza para determinar visitantes \u00fanicos a nuestro lugar y se actualiza con cada p\u00e1gina vista. Adem\u00e1s, esta cookie tiene uno VAIS \u00fanico de Google Analytics que asegura tanto la validez como su accesibilidad como una medida de seguridad adicional. M\u00e1s informaci\u00f3n<\/td><\/tr><tr><td>Terceros persistente__utmb<\/td><td>2 a\u00f1os desde cada actualizaci\u00f3n<\/td><td>Esta cookie se utiliza para establecer y continuar una sesi\u00f3n de usuario en nuestro lugar. Cuando un usuario visita una p\u00e1gina en nuestro lugar, el c\u00f3digo de Google Analytics intenta actualizar esta cookie. Si no encuentra la cookie, crear\u00e1 una nueva. Cada vez que el usuario visita una p\u00e1gina diferente se actualiza esta cookie para caducar a los 30 minutos, de esta forma contin\u00faa encontrar una sesi\u00f3n \u00fanica en intervalos de 30 minutos. Esta cookie caduca cuando un usuario deja de visitas nuestro lugar por un periodo de 30 minutos. M\u00e1s informaci\u00f3n<\/td><\/tr><tr><td>Terceros persistente_APISID, HSID, NID, SAPISID, SID, SSID<\/td><td>2 a\u00f1os desde su instalaci\u00f3n<\/td><td>Guarda preferencias de usuario y otra informaci\u00f3n de los servicios de Google que tiene el usuario. M\u00e1s informaci\u00f3n<\/td><\/tr><tr><td>Terceros persistente__utmt<\/td><td>De sesi\u00f3n<\/td><td>Hist\u00f3ricamente, esta cookie operaba junto con la cookie __utmb para determinar si se ten\u00eda que establecer una nueva sesi\u00f3n en el usuario. Hoy en d\u00eda no se utiliza pero sigue aqu\u00ed para mantener compatibilidad hacia atr\u00e1s con el c\u00f3digo de theurchin.js y ga.js. M\u00e1s informaci\u00f3n<\/td><\/tr><tr><td>Terceros persistente__utmz<\/td><td>6 meses desde cada actualizaci\u00f3n<\/td><td>Esta cookie guarda informaci\u00f3n de referencias utilizadas por el visitante para llegar a nuestro lugar, ya sea de manera directa, un link de referencia, una b\u00fasqueda web o una campa\u00f1a de publicidad o por email. Se utiliza para calcular el tr\u00e1fico proveniente de buscadores web, campa\u00f1as de marketing y navegaci\u00f3n por nuestro lugar. Esta cookie se actualiza en cada vista de p\u00e1gina.<\/td><\/tr><\/tbody><\/table><\/figure>\n\n\n\n<p><strong>3. C\u00f3mo puedo gestionar y desactivar estas cookies?<\/strong><\/p>\n\n\n\n<p>En el caso de no desear que el Sitio web no instale jefe cookie en su equipo, hay la posibilidad de adaptar su navegador de forma que se te notifique antes de que se descargue ning\u00fan cookie.<\/p>\n\n\n\n<p>As\u00ed mismo, se puede igualmente modificar la configuraci\u00f3n del navegador de forma que rechace todas las cookies o \u00fanicamente las cookies de terceros. Tambi\u00e9n es posible eliminar cualquier de las cookies que ya se encuentren en su equipo; para lo cual usted tendr\u00e1 que adaptar por separado la configuraci\u00f3n de cada navegador y equipo que utilice.<\/p>\n\n\n\n<p>Ponemos a disposici\u00f3n de los usuarios que quieran impedir la instalaci\u00f3n de las mencionadas cookies, enlaces facilitados a tal efecto por navegadores el uso de los cuales se considera m\u00e1s extendido:<\/p>\n\n\n\n<p><strong>ADMINISTRACION DE COOKIES POR NAVEGADOR:&nbsp;<\/strong><\/p>\n\n\n\n<p><br>Google Chrome&nbsp;<\/p>\n\n\n\n<p><a href=\"http:\/\/support.google.com\/chrome\/bin\/answer.py?hl=es&amp;answer=95647\">http:\/\/support.google.com\/chrome\/bin\/answer.py?hl=es&amp;answer=95647<\/a><br>Explorer,&nbsp;<br><a href=\"https:\/\/support.microsoft.com\/en-us\/help\/17442\/windows-internet-explorer-delete-manage-cookies\">https:\/\/support.microsoft.com\/en-us\/help\/17442\/windows-internet-explorer-delete-manage-cookies<\/a><\/p>\n\n\n\n<p>Firefox,&nbsp;<br><a href=\"https:\/\/support.mozilla.org\/es\/kb\/Deshabilitar%20cookies%20de%20terceros\">https:\/\/support.mozilla.org\/es\/kb\/deshabilitar%20cookies%20de%20terceros<\/a><\/p>\n\n\n\n<p>Safari,&nbsp;<br><a href=\"http:\/\/support.apple.com\/kb\/ph5042\">http:\/\/support.apple.com\/kb\/ph5042<\/a><br><br>Muchos navegadores permiten activar un modo privado mediante el cual las cookies se borran siempre despu\u00e9s de su visita y, dependiendo de cada navegador, este modo privado puede tener diferentes nombres. Abajo puede encontrar una lista de los navegadores m\u00e1s comunes y los diferentes nombres de este \u201cmodo privado\u201d:<\/p>\n\n\n\n<p><br>\u2013 Internet Explorer 8 y superior: InPrivate<\/p>\n\n\n\n<p>\u2013 Firefox 3.5 y superior: Navegaci\u00f3n Privada<\/p>\n\n\n\n<p>\u2013 Google Chrome 10 y superior: Inc\u00f3gnito<\/p>\n\n\n\n<p>\u2013 Safari 2 y superior: Navegaci\u00f3n Privada<\/p>\n\n\n\n<p>\u2013 Opera 10.5 y superior: Navegaci\u00f3n Privada<\/p>\n\n\n\n<p><br>Por favor, lee atentamente la secci\u00f3n de ayuda de su navegador para conocer m\u00e1s sobre como activar el \u201cmodo privado\u201d. Podr\u00e1 continuar visitando nuestro Sitio web aunque su navegador est\u00e9 en \u201cmodo privado\u201d, sin embargo, la experiencia de usuario puede no ser \u00f3ptima y algunas utilidades podan no funcionar.<\/p>\n\n\n\n<p><br>Si necesita m\u00e1s informaci\u00f3n sobre el bloqueo en su equipo de cookies, no dude a atender la explicaci\u00f3n que se le da en este enlace Web:&nbsp;<a href=\"http:\/\/windows.microsoft.com\/es-es\/windows-vista\/block-or-allow-cookies\">http:\/\/windows.microsoft.com\/es-es\/windows-vista\/block-or-allow-cookies<\/a><\/p>\n\n\n\n<p><strong>CAMBIOS EN LA POL\u00cdTICA DE COOKIES<\/strong><\/p>\n\n\n\n<p>Es posible que actualicemos la Pol\u00edtica de Cookies de nuestro Sitio web. Por eso, le recomendamos revisar esta pol\u00edtica cada vez que acceda a nuestro Sitio web con el objetivo de estar adecuadamente informado sobre c\u00f3mo y para que usamos las cookies.<\/p>\n\n\n\n<p><strong>POL\u00cdTICA DE PRIVACIDAD<\/strong><\/p>\n\n\n\n<p>Puede leer nuestra pol\u00edtica de privacidad para una mayor informaci\u00f3n sobre el tratamiento de datos personales.<\/p>\n\n\n\n<p><strong>CONTACTO<\/strong><\/p>\n\n\n\n<p>Si tuviera alguna duda, comentario o sugerencia sobre la Pol\u00edtica de Cookies, por favor escriba a: info@alexmultimedia.es<\/p>\n\n\n\n<div class=\"wp-block-uagb-container uagb-block-c07745c5 alignfull uagb-is-root-container\"><div class=\"uagb-container-inner-blocks-wrap\">\n<div class=\"wp-block-uagb-container uagb-block-66fc2ef0\">\n<div class=\"wp-block-uagb-info-box uagb-block-beb6dd26 uagb-infobox__content-wrap  uagb-infobox-icon-above-title uagb-infobox-image-valign-top\"><div class=\"uagb-ifb-content\"><div class=\"uagb-ifb-title-wrap\"><h3 class=\"uagb-ifb-title\"><br>Contacta'ns<\/h3><\/div><p class=\"uagb-ifb-desc\"><strong>Carrer Concili de Trento 78<\/strong> 08018, <strong>BARCELONA<\/strong><br><strong>Carretera Sant Gregori 107<\/strong> 17007, <strong>GIRONA<\/strong><br><strong>+34 671 84 27 07<\/strong><br>info@alexmultimedia..es<\/p><\/div><\/div>\n<\/div>\n\n\n\n<div class=\"wp-block-uagb-container uagb-block-7c39c5e0\">\n<div class=\"wp-block-uagb-info-box uagb-block-a17ed88a uagb-infobox__content-wrap  uagb-infobox-icon-above-title uagb-infobox-image-valign-top\"><div class=\"uagb-ifb-content\"><div class=\"uagb-ifb-title-wrap\"><h3 class=\"uagb-ifb-title\">Aspecte Legal<\/h3><\/div><p class=\"uagb-ifb-desc\"><a href=\"https:\/\/www.alexmultimedia.es\/ca\/aviso-legal\/\" data-type=\"page\" data-id=\"778\">Av\u00eds Legal <\/a><br><a href=\"\/ca\/proteccion-datos\/\" data-type=\"page\" data-id=\"789\">Pol\u00edtica de Protecci\u00f3 de Dades<\/a><br><a href=\"https:\/\/www.alexmultimedia.es\/ca\/politica-cookies\/\" data-type=\"page\" data-id=\"792\">Pol\u00edtica de Cookies<\/a><\/p><\/div><\/div>\n<\/div>\n\n\n\n<div class=\"wp-block-uagb-container uagb-block-1a34e130\">\n<div class=\"wp-block-uagb-info-box uagb-block-7f66c0c4 uagb-infobox__content-wrap  uagb-infobox-icon-above-title uagb-infobox-image-valign-top\"><div class=\"uagb-ifb-content\"><div class=\"uagb-ifb-title-wrap\"><h3 class=\"uagb-ifb-title\">Enlla\u00e7os rellevants<\/h3><\/div><p class=\"uagb-ifb-desc\"><a href=\"\/ca\/paginas-web-a-medida-en-barcelona\/\">P\u00e0gines Web a Mesura<\/a><br><a href=\"\/ca\/posicionamiento-natural-organico\/\">Posicionament Natural<\/a><br><a href=\"\/ca\/diseno-web-drupal-profesional\/\">Disseny web Professional WordPress<\/a><\/p><\/div><\/div>\n<\/div>\n<\/div><\/div>","protected":false},"excerpt":{"rendered":"<p>Politica de Cookies POL\u00cdTICA DE COOKIES \u2013 07 de junio de 2023 En cumplimiento con lo dispuesto en el art\u00edculo [&hellip;]<\/p>\n","protected":false},"author":4,"featured_media":0,"parent":0,"menu_order":0,"comment_status":"closed","ping_status":"closed","template":"","meta":{"_uag_custom_page_level_css":"","site-sidebar-layout":"default","site-content-layout":"","ast-site-content-layout":"default","site-content-style":"default","site-sidebar-style":"default","ast-global-header-display":"","ast-banner-title-visibility":"","ast-main-header-display":"","ast-hfb-above-header-display":"","ast-hfb-below-header-display":"","ast-hfb-mobile-header-display":"","site-post-title":"disabled","ast-breadcrumbs-content":"","ast-featured-img":"","footer-sml-layout":"","ast-disable-related-posts":"","theme-transparent-header-meta":"","adv-header-id-meta":"","stick-header-meta":"","header-above-stick-meta":"","header-main-stick-meta":"","header-below-stick-meta":"","astra-migrate-meta-layouts":"default","ast-page-background-enabled":"default","ast-page-background-meta":{"desktop":{"background-color":"var(--ast-global-color-4)","background-image":"","background-repeat":"repeat","background-position":"center center","background-size":"auto","background-attachment":"scroll","background-type":"","background-media":"","overlay-type":"","overlay-color":"","overlay-opacity":"","overlay-gradient":""},"tablet":{"background-color":"","background-image":"","background-repeat":"repeat","background-position":"center center","background-size":"auto","background-attachment":"scroll","background-type":"","background-media":"","overlay-type":"","overlay-color":"","overlay-opacity":"","overlay-gradient":""},"mobile":{"background-color":"","background-image":"","background-repeat":"repeat","background-position":"center center","background-size":"auto","background-attachment":"scroll","background-type":"","background-media":"","overlay-type":"","overlay-color":"","overlay-opacity":"","overlay-gradient":""}},"ast-content-background-meta":{"desktop":{"background-color":"var(--ast-global-color-5)","background-image":"","background-repeat":"repeat","background-position":"center center","background-size":"auto","background-attachment":"scroll","background-type":"","background-media":"","overlay-type":"","overlay-color":"","overlay-opacity":"","overlay-gradient":""},"tablet":{"background-color":"var(--ast-global-color-5)","background-image":"","background-repeat":"repeat","background-position":"center center","background-size":"auto","background-attachment":"scroll","background-type":"","background-media":"","overlay-type":"","overlay-color":"","overlay-opacity":"","overlay-gradient":""},"mobile":{"background-color":"var(--ast-global-color-5)","background-image":"","background-repeat":"repeat","background-position":"center center","background-size":"auto","background-attachment":"scroll","background-type":"","background-media":"","overlay-type":"","overlay-color":"","overlay-opacity":"","overlay-gradient":""}},"footnotes":""},"class_list":["post-792","page","type-page","status-publish","hentry"],"yoast_head":"<!-- This site is optimized with the Yoast SEO plugin v27.3 - https:\/\/yoast.com\/product\/yoast-seo-wordpress\/ -->\n<title>Politica de Cookies Barcelona - Alexmultimedia<\/title>\n<meta name=\"description\" content=\"Dise\u00f1amos p\u00e1ginas web a medida en Barcelona para potenciar tu marca y conseguir m\u00e1s clientes \u00a1Pide tu presupuesto sin compromiso!\" \/>\n<meta name=\"robots\" content=\"index, follow, max-snippet:-1, max-image-preview:large, max-video-preview:-1\" \/>\n<link rel=\"canonical\" href=\"https:\/\/www.alexmultimedia.es\/ca\/politica-cookies\/\" \/>\n<meta property=\"og:locale\" content=\"ca_ES\" \/>\n<meta property=\"og:type\" content=\"article\" \/>\n<meta property=\"og:title\" content=\"Politica de Cookies Barcelona - Alexmultimedia\" \/>\n<meta property=\"og:description\" content=\"Dise\u00f1amos p\u00e1ginas web a medida en Barcelona para potenciar tu marca y conseguir m\u00e1s clientes \u00a1Pide tu presupuesto sin compromiso!\" \/>\n<meta property=\"og:url\" content=\"https:\/\/www.alexmultimedia.es\/ca\/politica-cookies\/\" \/>\n<meta property=\"og:site_name\" content=\"Alexmultimedia\" \/>\n<meta property=\"article:modified_time\" content=\"2025-11-05T09:57:39+00:00\" \/>\n<meta name=\"twitter:card\" content=\"summary_large_image\" \/>\n<meta name=\"twitter:label1\" content=\"Temps estimat de lectura\" \/>\n\t<meta name=\"twitter:data1\" content=\"7 minuts\" \/>\n<script type=\"application\/ld+json\" class=\"yoast-schema-graph\">{\"@context\":\"https:\\\/\\\/schema.org\",\"@graph\":[{\"@type\":\"WebPage\",\"@id\":\"https:\\\/\\\/www.alexmultimedia.es\\\/politica-cookies\\\/\",\"url\":\"https:\\\/\\\/www.alexmultimedia.es\\\/politica-cookies\\\/\",\"name\":\"Politica de Cookies Barcelona - Alexmultimedia\",\"isPartOf\":{\"@id\":\"https:\\\/\\\/www.alexmultimedia.es\\\/#website\"},\"datePublished\":\"2025-11-05T09:57:37+00:00\",\"dateModified\":\"2025-11-05T09:57:39+00:00\",\"description\":\"Dise\u00f1amos p\u00e1ginas web a medida en Barcelona para potenciar tu marca y conseguir m\u00e1s clientes \u00a1Pide tu presupuesto sin compromiso!\",\"breadcrumb\":{\"@id\":\"https:\\\/\\\/www.alexmultimedia.es\\\/politica-cookies\\\/#breadcrumb\"},\"inLanguage\":\"ca\",\"potentialAction\":[{\"@type\":\"ReadAction\",\"target\":[\"https:\\\/\\\/www.alexmultimedia.es\\\/politica-cookies\\\/\"]}]},{\"@type\":\"BreadcrumbList\",\"@id\":\"https:\\\/\\\/www.alexmultimedia.es\\\/politica-cookies\\\/#breadcrumb\",\"itemListElement\":[{\"@type\":\"ListItem\",\"position\":1,\"name\":\"Portada\",\"item\":\"https:\\\/\\\/www.alexmultimedia.es\\\/\"},{\"@type\":\"ListItem\",\"position\":2,\"name\":\"Politica de Cookies\"}]},{\"@type\":\"WebSite\",\"@id\":\"https:\\\/\\\/www.alexmultimedia.es\\\/#website\",\"url\":\"https:\\\/\\\/www.alexmultimedia.es\\\/\",\"name\":\"Alexmultimedia\",\"description\":\"Alexmultimedia\",\"publisher\":{\"@id\":\"https:\\\/\\\/www.alexmultimedia.es\\\/#organization\"},\"potentialAction\":[{\"@type\":\"SearchAction\",\"target\":{\"@type\":\"EntryPoint\",\"urlTemplate\":\"https:\\\/\\\/www.alexmultimedia.es\\\/?s={search_term_string}\"},\"query-input\":{\"@type\":\"PropertyValueSpecification\",\"valueRequired\":true,\"valueName\":\"search_term_string\"}}],\"inLanguage\":\"ca\"},{\"@type\":\"Organization\",\"@id\":\"https:\\\/\\\/www.alexmultimedia.es\\\/#organization\",\"name\":\"Alexmultimedia\",\"url\":\"https:\\\/\\\/www.alexmultimedia.es\\\/\",\"logo\":{\"@type\":\"ImageObject\",\"inLanguage\":\"ca\",\"@id\":\"https:\\\/\\\/www.alexmultimedia.es\\\/#\\\/schema\\\/logo\\\/image\\\/\",\"url\":\"https:\\\/\\\/www.alexmultimedia.es\\\/wp-content\\\/uploads\\\/2025\\\/10\\\/cropped-logo-dark_BIG.png\",\"contentUrl\":\"https:\\\/\\\/www.alexmultimedia.es\\\/wp-content\\\/uploads\\\/2025\\\/10\\\/cropped-logo-dark_BIG.png\",\"width\":960,\"height\":363,\"caption\":\"Alexmultimedia\"},\"image\":{\"@id\":\"https:\\\/\\\/www.alexmultimedia.es\\\/#\\\/schema\\\/logo\\\/image\\\/\"}}]}<\/script>\n<!-- \/ Yoast SEO plugin. -->","yoast_head_json":{"title":"Politica de Cookies Barcelona - Alexmultimedia","description":"Dise\u00f1amos p\u00e1ginas web a medida en Barcelona para potenciar tu marca y conseguir m\u00e1s clientes \u00a1Pide tu presupuesto sin compromiso!","robots":{"index":"index","follow":"follow","max-snippet":"max-snippet:-1","max-image-preview":"max-image-preview:large","max-video-preview":"max-video-preview:-1"},"canonical":"https:\/\/www.alexmultimedia.es\/ca\/politica-cookies\/","og_locale":"ca_ES","og_type":"article","og_title":"Politica de Cookies Barcelona - Alexmultimedia","og_description":"Dise\u00f1amos p\u00e1ginas web a medida en Barcelona para potenciar tu marca y conseguir m\u00e1s clientes \u00a1Pide tu presupuesto sin compromiso!","og_url":"https:\/\/www.alexmultimedia.es\/ca\/politica-cookies\/","og_site_name":"Alexmultimedia","article_modified_time":"2025-11-05T09:57:39+00:00","twitter_card":"summary_large_image","twitter_misc":{"Temps estimat de lectura":"7 minuts"},"schema":{"@context":"https:\/\/schema.org","@graph":[{"@type":"WebPage","@id":"https:\/\/www.alexmultimedia.es\/politica-cookies\/","url":"https:\/\/www.alexmultimedia.es\/politica-cookies\/","name":"Politica de Cookies Barcelona - Alexmultimedia","isPartOf":{"@id":"https:\/\/www.alexmultimedia.es\/#website"},"datePublished":"2025-11-05T09:57:37+00:00","dateModified":"2025-11-05T09:57:39+00:00","description":"Dise\u00f1amos p\u00e1ginas web a medida en Barcelona para potenciar tu marca y conseguir m\u00e1s clientes \u00a1Pide tu presupuesto sin compromiso!","breadcrumb":{"@id":"https:\/\/www.alexmultimedia.es\/politica-cookies\/#breadcrumb"},"inLanguage":"ca","potentialAction":[{"@type":"ReadAction","target":["https:\/\/www.alexmultimedia.es\/politica-cookies\/"]}]},{"@type":"BreadcrumbList","@id":"https:\/\/www.alexmultimedia.es\/politica-cookies\/#breadcrumb","itemListElement":[{"@type":"ListItem","position":1,"name":"Portada","item":"https:\/\/www.alexmultimedia.es\/"},{"@type":"ListItem","position":2,"name":"Politica de Cookies"}]},{"@type":"WebSite","@id":"https:\/\/www.alexmultimedia.es\/#website","url":"https:\/\/www.alexmultimedia.es\/","name":"Alexmultimedia","description":"Alexmultimedia","publisher":{"@id":"https:\/\/www.alexmultimedia.es\/#organization"},"potentialAction":[{"@type":"SearchAction","target":{"@type":"EntryPoint","urlTemplate":"https:\/\/www.alexmultimedia.es\/?s={search_term_string}"},"query-input":{"@type":"PropertyValueSpecification","valueRequired":true,"valueName":"search_term_string"}}],"inLanguage":"ca"},{"@type":"Organization","@id":"https:\/\/www.alexmultimedia.es\/#organization","name":"Alexmultimedia","url":"https:\/\/www.alexmultimedia.es\/","logo":{"@type":"ImageObject","inLanguage":"ca","@id":"https:\/\/www.alexmultimedia.es\/#\/schema\/logo\/image\/","url":"https:\/\/www.alexmultimedia.es\/wp-content\/uploads\/2025\/10\/cropped-logo-dark_BIG.png","contentUrl":"https:\/\/www.alexmultimedia.es\/wp-content\/uploads\/2025\/10\/cropped-logo-dark_BIG.png","width":960,"height":363,"caption":"Alexmultimedia"},"image":{"@id":"https:\/\/www.alexmultimedia.es\/#\/schema\/logo\/image\/"}}]}},"uagb_featured_image_src":{"full":false,"thumbnail":false,"medium":false,"medium_large":false,"large":false,"1536x1536":false,"2048x2048":false,"trp-custom-language-flag":false},"uagb_author_info":{"display_name":"dzwngaknr6z2","author_link":"https:\/\/www.alexmultimedia.es\/ca\/author\/dzwngaknr6z2\/"},"uagb_comment_info":0,"uagb_excerpt":"Politica de Cookies POL\u00cdTICA DE COOKIES \u2013 07 de junio de 2023 En cumplimiento con lo dispuesto en el art\u00edculo [&hellip;]","_links":{"self":[{"href":"https:\/\/www.alexmultimedia.es\/ca\/wp-json\/wp\/v2\/pages\/792","targetHints":{"allow":["GET"]}}],"collection":[{"href":"https:\/\/www.alexmultimedia.es\/ca\/wp-json\/wp\/v2\/pages"}],"about":[{"href":"https:\/\/www.alexmultimedia.es\/ca\/wp-json\/wp\/v2\/types\/page"}],"author":[{"embeddable":true,"href":"https:\/\/www.alexmultimedia.es\/ca\/wp-json\/wp\/v2\/users\/4"}],"replies":[{"embeddable":true,"href":"https:\/\/www.alexmultimedia.es\/ca\/wp-json\/wp\/v2\/comments?post=792"}],"version-history":[{"count":2,"href":"https:\/\/www.alexmultimedia.es\/ca\/wp-json\/wp\/v2\/pages\/792\/revisions"}],"predecessor-version":[{"id":794,"href":"https:\/\/www.alexmultimedia.es\/ca\/wp-json\/wp\/v2\/pages\/792\/revisions\/794"}],"wp:attachment":[{"href":"https:\/\/www.alexmultimedia.es\/ca\/wp-json\/wp\/v2\/media?parent=792"}],"curies":[{"name":"wp","href":"https:\/\/api.w.org\/{rel}","templated":true}]}}