{"id":915,"date":"2025-12-04T10:04:25","date_gmt":"2025-12-04T10:04:25","guid":{"rendered":"https:\/\/www.alexmultimedia.es\/?page_id=915"},"modified":"2026-03-19T05:25:55","modified_gmt":"2026-03-19T05:25:55","slug":"gracias","status":"publish","type":"page","link":"https:\/\/www.alexmultimedia.es\/ca\/gracias\/","title":{"rendered":"GRACIAS"},"content":{"rendered":"<div class=\"wp-block-uagb-container uagb-block-dde5c922 alignfull uagb-is-root-container\">\n<div class=\"wp-block-uagb-container uagb-block-b618de5d\">\n<div class=\"wp-block-uagb-advanced-heading uagb-block-1d772575\"><h1 class=\"uagb-heading-text\">GRACIAS por Contactarnos<\/h1><\/div>\n<\/div>\n<\/div>\n\n\n\n<div class=\"wp-block-uagb-container uagb-block-0d3b59a3 alignfull uagb-is-root-container\"><div class=\"uagb-container-inner-blocks-wrap\"><\/div><\/div>\n\n\n\n<div class=\"wp-block-uagb-container uagb-block-4b0b8f05 alignfull uagb-is-root-container\"><div class=\"uagb-container-inner-blocks-wrap\">\n<div class=\"wp-block-uagb-advanced-heading uagb-block-ab53c455\"><h2 class=\"uagb-heading-text\">nos pondremos en Contacto en menos de 24H<\/h2><p class=\"uagb-desc-text\">Tu consulta es importante para nosotros. Nos pondremos en contacto para responderte en menos de 24H, ya sea para aclarar tus dudas, enviar un presupuesto o concretar una llamada.<\/p><\/div>\n\n\n\n<p><\/p>\n\n\n\n<div class=\"wp-block-uagb-container uagb-layout-flex uagb-block-9286c5ad\"><\/div>\n\n\n\n<div class=\"wp-block-uagb-container uagb-layout-flex uagb-block-cebb2fc1\">\n<div class=\"wp-block-group is-nowrap is-layout-flex wp-container-core-group-is-layout-6c531013 wp-block-group-is-layout-flex\">\n<figure class=\"wp-block-image size-full has-custom-border uag-hide-tab uag-hide-mob\" style=\"margin-top:90px;margin-bottom:90px\"><img loading=\"lazy\" decoding=\"async\" width=\"1536\" height=\"1024\" src=\"https:\/\/www.alexmultimedia.es\/wp-content\/uploads\/2025\/09\/campanas_seo-1.webp\" alt=\"campa\u00f1as seo\" class=\"has-border-color has-ast-global-color-1-border-color wp-image-426\" style=\"border-width:1px;border-radius:20px;box-shadow:var(--wp--preset--shadow--sharp)\" srcset=\"https:\/\/www.alexmultimedia.es\/wp-content\/uploads\/2025\/09\/campanas_seo-1.webp 1536w, https:\/\/www.alexmultimedia.es\/wp-content\/uploads\/2025\/09\/campanas_seo-1-300x200.webp 300w, https:\/\/www.alexmultimedia.es\/wp-content\/uploads\/2025\/09\/campanas_seo-1-1024x683.webp 1024w, https:\/\/www.alexmultimedia.es\/wp-content\/uploads\/2025\/09\/campanas_seo-1-768x512.webp 768w\" sizes=\"auto, (max-width: 1536px) 100vw, 1536px\" \/><\/figure>\n\n\n\n<div class=\"wp-block-uagb-container uagb-block-fcfeb657\">\n<div class=\"wp-block-uagb-info-box uagb-block-62e38cdd uagb-infobox__content-wrap  uagb-infobox-icon-above-title uagb-infobox-image-valign-top\"><div class=\"uagb-ifb-content\"><div class=\"uagb-ifb-title-wrap\"><h3 class=\"uagb-ifb-title-prefix\">Vols augmentar les vendes del teu negoci ?<\/h3><p class=\"uagb-ifb-title\"><br>Som aqu\u00ed per a aconseguir que la teva pres\u00e8ncia en l\u00ednia sigui un \u00e8xit. Volem transformar la teva pres\u00e8ncia digital en una gran oportunitat de negoci, escalar el que tens i rendibilitzar al m\u00e0xim optimitzant les teves oportunitats En l\u00ednia.<\/p><\/div><\/div><\/div>\n<\/div>\n<\/div>\n<\/div>\n<\/div><\/div>\n\n\n\n<div style=\"height:50px\" aria-hidden=\"true\" class=\"wp-block-spacer\"><\/div>\n\n\n\n<div style=\"height:50px\" aria-hidden=\"true\" class=\"wp-block-spacer\"><\/div>\n\n\n\n<div class=\"wp-block-uagb-container uagb-block-d7b60fd6 alignfull uagb-is-root-container\"><div class=\"uagb-container-inner-blocks-wrap\">\n<div class=\"wp-block-uagb-info-box uagb-block-6fdc34d4 uagb-infobox__content-wrap  uagb-infobox-icon-above-title uagb-infobox-image-valign-top\"><div class=\"uagb-ifb-content\"><div class=\"uagb-ifb-title-wrap\"><h2 class=\"uagb-ifb-title\">Transforma el teu negoci amb nosaltres avui!<\/h2><\/div><p class=\"uagb-ifb-desc\">En Alexmultimedia, estem dedicats a oferir disseny web de qualitat per a empreses a Barcelona, adaptant-nos a les teves necessitats espec\u00edfiques.<\/p><div class=\"uagb-ifb-button-wrapper wp-block-button\"><a href=\"\/ca\/contacto\/\" class=\"uagb-infobox-cta-link wp-block-button__link\" target=\"_self\" rel=\"noopener noreferrer\" onclick=\"return true;\"><span class=\"uagb-inline-editing\">Sol\u00b7licita pressupost<\/span><\/a><\/div><\/div><\/div>\n<\/div><\/div>\n\n\n\n<div class=\"wp-block-uagb-container uagb-block-c07745c5 alignfull uagb-is-root-container\"><div class=\"uagb-container-inner-blocks-wrap\">\n<div class=\"wp-block-uagb-container uagb-block-66fc2ef0\">\n<div class=\"wp-block-uagb-info-box uagb-block-beb6dd26 uagb-infobox__content-wrap  uagb-infobox-icon-above-title uagb-infobox-image-valign-top\"><div class=\"uagb-ifb-content\"><div class=\"uagb-ifb-title-wrap\"><h3 class=\"uagb-ifb-title\"><br>Contacta'ns<\/h3><\/div><p class=\"uagb-ifb-desc\"><strong>Carrer Concili de Trento 78<\/strong> 08018, <strong>BARCELONA<\/strong><br><strong>Carretera Sant Gregori 107<\/strong> 17007, <strong>GIRONA<\/strong><br><strong>+34 671 84 27 07<\/strong><br>info@alexmultimedia..es<\/p><\/div><\/div>\n<\/div>\n\n\n\n<div class=\"wp-block-uagb-container uagb-block-7c39c5e0\">\n<div class=\"wp-block-uagb-info-box uagb-block-a17ed88a uagb-infobox__content-wrap  uagb-infobox-icon-above-title uagb-infobox-image-valign-top\"><div class=\"uagb-ifb-content\"><div class=\"uagb-ifb-title-wrap\"><h3 class=\"uagb-ifb-title\">Aspecte Legal<\/h3><\/div><p class=\"uagb-ifb-desc\"><a href=\"https:\/\/www.alexmultimedia.es\/ca\/aviso-legal\/\" data-type=\"page\" data-id=\"778\">Av\u00eds Legal <\/a><br><a href=\"\/ca\/proteccion-datos\/\" data-type=\"page\" data-id=\"789\">Pol\u00edtica de Protecci\u00f3 de Dades<\/a><br><a href=\"https:\/\/www.alexmultimedia.es\/ca\/politica-cookies\/\" data-type=\"page\" data-id=\"792\">Pol\u00edtica de Cookies<\/a><\/p><\/div><\/div>\n<\/div>\n\n\n\n<div class=\"wp-block-uagb-container uagb-block-1a34e130\">\n<div class=\"wp-block-uagb-info-box uagb-block-7f66c0c4 uagb-infobox__content-wrap  uagb-infobox-icon-above-title uagb-infobox-image-valign-top\"><div class=\"uagb-ifb-content\"><div class=\"uagb-ifb-title-wrap\"><h3 class=\"uagb-ifb-title\">Enlla\u00e7os rellevants<\/h3><\/div><p class=\"uagb-ifb-desc\"><a href=\"\/ca\/paginas-web-a-medida-en-barcelona\/\">P\u00e0gines Web a Mesura<\/a><br><a href=\"\/ca\/posicionamiento-natural-organico\/\">Posicionament Natural<\/a><br><a href=\"\/ca\/diseno-web-drupal-profesional\/\">Disseny web Professional WordPress<\/a><\/p><\/div><\/div>\n<\/div>\n<\/div><\/div>","protected":false},"excerpt":{"rendered":"<p>GRACIAS por Contactarnos nos pondremos en Contacto en menos de 24H Tu consulta es importante para nosotros. Nos pondremos en [&hellip;]<\/p>\n","protected":false},"author":4,"featured_media":0,"parent":0,"menu_order":0,"comment_status":"closed","ping_status":"closed","template":"","meta":{"_uag_custom_page_level_css":"","site-sidebar-layout":"default","site-content-layout":"","ast-site-content-layout":"default","site-content-style":"default","site-sidebar-style":"default","ast-global-header-display":"","ast-banner-title-visibility":"","ast-main-header-display":"","ast-hfb-above-header-display":"","ast-hfb-below-header-display":"","ast-hfb-mobile-header-display":"","site-post-title":"disabled","ast-breadcrumbs-content":"","ast-featured-img":"","footer-sml-layout":"","ast-disable-related-posts":"","theme-transparent-header-meta":"","adv-header-id-meta":"","stick-header-meta":"","header-above-stick-meta":"","header-main-stick-meta":"","header-below-stick-meta":"","astra-migrate-meta-layouts":"default","ast-page-background-enabled":"default","ast-page-background-meta":{"desktop":{"background-color":"var(--ast-global-color-4)","background-image":"","background-repeat":"repeat","background-position":"center center","background-size":"auto","background-attachment":"scroll","background-type":"","background-media":"","overlay-type":"","overlay-color":"","overlay-opacity":"","overlay-gradient":""},"tablet":{"background-color":"","background-image":"","background-repeat":"repeat","background-position":"center center","background-size":"auto","background-attachment":"scroll","background-type":"","background-media":"","overlay-type":"","overlay-color":"","overlay-opacity":"","overlay-gradient":""},"mobile":{"background-color":"","background-image":"","background-repeat":"repeat","background-position":"center center","background-size":"auto","background-attachment":"scroll","background-type":"","background-media":"","overlay-type":"","overlay-color":"","overlay-opacity":"","overlay-gradient":""}},"ast-content-background-meta":{"desktop":{"background-color":"var(--ast-global-color-5)","background-image":"","background-repeat":"repeat","background-position":"center center","background-size":"auto","background-attachment":"scroll","background-type":"","background-media":"","overlay-type":"","overlay-color":"","overlay-opacity":"","overlay-gradient":""},"tablet":{"background-color":"var(--ast-global-color-5)","background-image":"","background-repeat":"repeat","background-position":"center center","background-size":"auto","background-attachment":"scroll","background-type":"","background-media":"","overlay-type":"","overlay-color":"","overlay-opacity":"","overlay-gradient":""},"mobile":{"background-color":"var(--ast-global-color-5)","background-image":"","background-repeat":"repeat","background-position":"center center","background-size":"auto","background-attachment":"scroll","background-type":"","background-media":"","overlay-type":"","overlay-color":"","overlay-opacity":"","overlay-gradient":""}},"footnotes":""},"class_list":["post-915","page","type-page","status-publish","hentry"],"yoast_head":"<!-- This site is optimized with the Yoast SEO plugin v27.3 - https:\/\/yoast.com\/product\/yoast-seo-wordpress\/ -->\n<title>Creaci\u00f3n de embudos de venta en Barcelona - ALEXMULTIMEDIA<\/title>\n<meta name=\"description\" content=\"Creamos embudos de venta eficaces en Barcelona: convierte visitantes en clientes. \u00a1Optimiza tus resultados hoy, llama para un Presupuesto!\" \/>\n<meta name=\"robots\" content=\"index, follow, max-snippet:-1, max-image-preview:large, max-video-preview:-1\" \/>\n<link rel=\"canonical\" href=\"https:\/\/www.alexmultimedia.es\/ca\/gracias\/\" \/>\n<meta property=\"og:locale\" content=\"ca_ES\" \/>\n<meta property=\"og:type\" content=\"article\" \/>\n<meta property=\"og:title\" content=\"Creaci\u00f3n de embudos de venta en Barcelona - ALEXMULTIMEDIA\" \/>\n<meta property=\"og:description\" content=\"Creamos embudos de venta eficaces en Barcelona: convierte visitantes en clientes. \u00a1Optimiza tus resultados hoy, llama para un Presupuesto!\" \/>\n<meta property=\"og:url\" content=\"https:\/\/www.alexmultimedia.es\/ca\/gracias\/\" \/>\n<meta property=\"og:site_name\" content=\"Alexmultimedia\" \/>\n<meta property=\"article:modified_time\" content=\"2026-03-19T05:25:55+00:00\" \/>\n<meta property=\"og:image\" content=\"https:\/\/www.alexmultimedia.es\/wp-content\/uploads\/2025\/10\/images.png\" \/>\n\t<meta property=\"og:image:width\" content=\"323\" \/>\n\t<meta property=\"og:image:height\" content=\"156\" \/>\n\t<meta property=\"og:image:type\" content=\"image\/png\" \/>\n<meta name=\"twitter:card\" content=\"summary_large_image\" \/>\n<meta name=\"twitter:label1\" content=\"Temps estimat de lectura\" \/>\n\t<meta name=\"twitter:data1\" content=\"4 minuts\" \/>\n<script type=\"application\/ld+json\" class=\"yoast-schema-graph\">{\"@context\":\"https:\\\/\\\/schema.org\",\"@graph\":[{\"@type\":\"WebPage\",\"@id\":\"https:\\\/\\\/www.alexmultimedia.es\\\/gracias\\\/\",\"url\":\"https:\\\/\\\/www.alexmultimedia.es\\\/gracias\\\/\",\"name\":\"Creaci\u00f3n de embudos de venta en Barcelona - ALEXMULTIMEDIA\",\"isPartOf\":{\"@id\":\"https:\\\/\\\/www.alexmultimedia.es\\\/#website\"},\"primaryImageOfPage\":{\"@id\":\"https:\\\/\\\/www.alexmultimedia.es\\\/gracias\\\/#primaryimage\"},\"image\":{\"@id\":\"https:\\\/\\\/www.alexmultimedia.es\\\/gracias\\\/#primaryimage\"},\"thumbnailUrl\":\"https:\\\/\\\/www.alexmultimedia.es\\\/wp-content\\\/uploads\\\/2025\\\/09\\\/campanas_seo-1.webp\",\"datePublished\":\"2025-12-04T10:04:25+00:00\",\"dateModified\":\"2026-03-19T05:25:55+00:00\",\"description\":\"Creamos embudos de venta eficaces en Barcelona: convierte visitantes en clientes. \u00a1Optimiza tus resultados hoy, llama para un Presupuesto!\",\"breadcrumb\":{\"@id\":\"https:\\\/\\\/www.alexmultimedia.es\\\/gracias\\\/#breadcrumb\"},\"inLanguage\":\"ca\",\"potentialAction\":[{\"@type\":\"ReadAction\",\"target\":[\"https:\\\/\\\/www.alexmultimedia.es\\\/gracias\\\/\"]}]},{\"@type\":\"ImageObject\",\"inLanguage\":\"ca\",\"@id\":\"https:\\\/\\\/www.alexmultimedia.es\\\/gracias\\\/#primaryimage\",\"url\":\"https:\\\/\\\/www.alexmultimedia.es\\\/wp-content\\\/uploads\\\/2025\\\/09\\\/campanas_seo-1.webp\",\"contentUrl\":\"https:\\\/\\\/www.alexmultimedia.es\\\/wp-content\\\/uploads\\\/2025\\\/09\\\/campanas_seo-1.webp\"},{\"@type\":\"BreadcrumbList\",\"@id\":\"https:\\\/\\\/www.alexmultimedia.es\\\/gracias\\\/#breadcrumb\",\"itemListElement\":[{\"@type\":\"ListItem\",\"position\":1,\"name\":\"Portada\",\"item\":\"https:\\\/\\\/www.alexmultimedia.es\\\/\"},{\"@type\":\"ListItem\",\"position\":2,\"name\":\"GRACIAS\"}]},{\"@type\":\"WebSite\",\"@id\":\"https:\\\/\\\/www.alexmultimedia.es\\\/#website\",\"url\":\"https:\\\/\\\/www.alexmultimedia.es\\\/\",\"name\":\"Alexmultimedia\",\"description\":\"Alexmultimedia\",\"publisher\":{\"@id\":\"https:\\\/\\\/www.alexmultimedia.es\\\/#organization\"},\"potentialAction\":[{\"@type\":\"SearchAction\",\"target\":{\"@type\":\"EntryPoint\",\"urlTemplate\":\"https:\\\/\\\/www.alexmultimedia.es\\\/?s={search_term_string}\"},\"query-input\":{\"@type\":\"PropertyValueSpecification\",\"valueRequired\":true,\"valueName\":\"search_term_string\"}}],\"inLanguage\":\"ca\"},{\"@type\":\"Organization\",\"@id\":\"https:\\\/\\\/www.alexmultimedia.es\\\/#organization\",\"name\":\"Alexmultimedia\",\"url\":\"https:\\\/\\\/www.alexmultimedia.es\\\/\",\"logo\":{\"@type\":\"ImageObject\",\"inLanguage\":\"ca\",\"@id\":\"https:\\\/\\\/www.alexmultimedia.es\\\/#\\\/schema\\\/logo\\\/image\\\/\",\"url\":\"https:\\\/\\\/www.alexmultimedia.es\\\/wp-content\\\/uploads\\\/2025\\\/10\\\/cropped-logo-dark_BIG.png\",\"contentUrl\":\"https:\\\/\\\/www.alexmultimedia.es\\\/wp-content\\\/uploads\\\/2025\\\/10\\\/cropped-logo-dark_BIG.png\",\"width\":960,\"height\":363,\"caption\":\"Alexmultimedia\"},\"image\":{\"@id\":\"https:\\\/\\\/www.alexmultimedia.es\\\/#\\\/schema\\\/logo\\\/image\\\/\"}}]}<\/script>\n<!-- \/ Yoast SEO plugin. -->","yoast_head_json":{"title":"Creaci\u00f3n de embudos de venta en Barcelona - ALEXMULTIMEDIA","description":"Creamos embudos de venta eficaces en Barcelona: convierte visitantes en clientes. \u00a1Optimiza tus resultados hoy, llama para un Presupuesto!","robots":{"index":"index","follow":"follow","max-snippet":"max-snippet:-1","max-image-preview":"max-image-preview:large","max-video-preview":"max-video-preview:-1"},"canonical":"https:\/\/www.alexmultimedia.es\/ca\/gracias\/","og_locale":"ca_ES","og_type":"article","og_title":"Creaci\u00f3n de embudos de venta en Barcelona - ALEXMULTIMEDIA","og_description":"Creamos embudos de venta eficaces en Barcelona: convierte visitantes en clientes. \u00a1Optimiza tus resultados hoy, llama para un Presupuesto!","og_url":"https:\/\/www.alexmultimedia.es\/ca\/gracias\/","og_site_name":"Alexmultimedia","article_modified_time":"2026-03-19T05:25:55+00:00","og_image":[{"width":323,"height":156,"url":"https:\/\/www.alexmultimedia.es\/wp-content\/uploads\/2025\/10\/images.png","type":"image\/png"}],"twitter_card":"summary_large_image","twitter_misc":{"Temps estimat de lectura":"4 minuts"},"schema":{"@context":"https:\/\/schema.org","@graph":[{"@type":"WebPage","@id":"https:\/\/www.alexmultimedia.es\/gracias\/","url":"https:\/\/www.alexmultimedia.es\/gracias\/","name":"Creaci\u00f3n de embudos de venta en Barcelona - ALEXMULTIMEDIA","isPartOf":{"@id":"https:\/\/www.alexmultimedia.es\/#website"},"primaryImageOfPage":{"@id":"https:\/\/www.alexmultimedia.es\/gracias\/#primaryimage"},"image":{"@id":"https:\/\/www.alexmultimedia.es\/gracias\/#primaryimage"},"thumbnailUrl":"https:\/\/www.alexmultimedia.es\/wp-content\/uploads\/2025\/09\/campanas_seo-1.webp","datePublished":"2025-12-04T10:04:25+00:00","dateModified":"2026-03-19T05:25:55+00:00","description":"Creamos embudos de venta eficaces en Barcelona: convierte visitantes en clientes. \u00a1Optimiza tus resultados hoy, llama para un Presupuesto!","breadcrumb":{"@id":"https:\/\/www.alexmultimedia.es\/gracias\/#breadcrumb"},"inLanguage":"ca","potentialAction":[{"@type":"ReadAction","target":["https:\/\/www.alexmultimedia.es\/gracias\/"]}]},{"@type":"ImageObject","inLanguage":"ca","@id":"https:\/\/www.alexmultimedia.es\/gracias\/#primaryimage","url":"https:\/\/www.alexmultimedia.es\/wp-content\/uploads\/2025\/09\/campanas_seo-1.webp","contentUrl":"https:\/\/www.alexmultimedia.es\/wp-content\/uploads\/2025\/09\/campanas_seo-1.webp"},{"@type":"BreadcrumbList","@id":"https:\/\/www.alexmultimedia.es\/gracias\/#breadcrumb","itemListElement":[{"@type":"ListItem","position":1,"name":"Portada","item":"https:\/\/www.alexmultimedia.es\/"},{"@type":"ListItem","position":2,"name":"GRACIAS"}]},{"@type":"WebSite","@id":"https:\/\/www.alexmultimedia.es\/#website","url":"https:\/\/www.alexmultimedia.es\/","name":"Alexmultimedia","description":"Alexmultimedia","publisher":{"@id":"https:\/\/www.alexmultimedia.es\/#organization"},"potentialAction":[{"@type":"SearchAction","target":{"@type":"EntryPoint","urlTemplate":"https:\/\/www.alexmultimedia.es\/?s={search_term_string}"},"query-input":{"@type":"PropertyValueSpecification","valueRequired":true,"valueName":"search_term_string"}}],"inLanguage":"ca"},{"@type":"Organization","@id":"https:\/\/www.alexmultimedia.es\/#organization","name":"Alexmultimedia","url":"https:\/\/www.alexmultimedia.es\/","logo":{"@type":"ImageObject","inLanguage":"ca","@id":"https:\/\/www.alexmultimedia.es\/#\/schema\/logo\/image\/","url":"https:\/\/www.alexmultimedia.es\/wp-content\/uploads\/2025\/10\/cropped-logo-dark_BIG.png","contentUrl":"https:\/\/www.alexmultimedia.es\/wp-content\/uploads\/2025\/10\/cropped-logo-dark_BIG.png","width":960,"height":363,"caption":"Alexmultimedia"},"image":{"@id":"https:\/\/www.alexmultimedia.es\/#\/schema\/logo\/image\/"}}]}},"uagb_featured_image_src":{"full":false,"thumbnail":false,"medium":false,"medium_large":false,"large":false,"1536x1536":false,"2048x2048":false,"trp-custom-language-flag":false},"uagb_author_info":{"display_name":"dzwngaknr6z2","author_link":"https:\/\/www.alexmultimedia.es\/ca\/author\/dzwngaknr6z2\/"},"uagb_comment_info":0,"uagb_excerpt":"GRACIAS por Contactarnos nos pondremos en Contacto en menos de 24H Tu consulta es importante para nosotros. Nos pondremos en [&hellip;]","_links":{"self":[{"href":"https:\/\/www.alexmultimedia.es\/ca\/wp-json\/wp\/v2\/pages\/915","targetHints":{"allow":["GET"]}}],"collection":[{"href":"https:\/\/www.alexmultimedia.es\/ca\/wp-json\/wp\/v2\/pages"}],"about":[{"href":"https:\/\/www.alexmultimedia.es\/ca\/wp-json\/wp\/v2\/types\/page"}],"author":[{"embeddable":true,"href":"https:\/\/www.alexmultimedia.es\/ca\/wp-json\/wp\/v2\/users\/4"}],"replies":[{"embeddable":true,"href":"https:\/\/www.alexmultimedia.es\/ca\/wp-json\/wp\/v2\/comments?post=915"}],"version-history":[{"count":6,"href":"https:\/\/www.alexmultimedia.es\/ca\/wp-json\/wp\/v2\/pages\/915\/revisions"}],"predecessor-version":[{"id":1069,"href":"https:\/\/www.alexmultimedia.es\/ca\/wp-json\/wp\/v2\/pages\/915\/revisions\/1069"}],"wp:attachment":[{"href":"https:\/\/www.alexmultimedia.es\/ca\/wp-json\/wp\/v2\/media?parent=915"}],"curies":[{"name":"wp","href":"https:\/\/api.w.org\/{rel}","templated":true}]}}